{"id":3338,"date":"2018-03-01T20:08:35","date_gmt":"2018-03-01T19:08:35","guid":{"rendered":"http:\/\/internationalcampingispra.it\/de\/?page_id=3338"},"modified":"2024-05-03T10:40:35","modified_gmt":"2024-05-03T09:40:35","slug":"termini-e-condizioni-di-prenotazione","status":"publish","type":"page","link":"https:\/\/dkampingvillage.it\/de\/termini-e-condizioni-di-prenotazione\/","title":{"rendered":"Allgemeine Gesch\u00e4ftsbedingungen der Buchung"},"content":{"rendered":"<div class=\"wpb-content-wrapper\"><p>[vc_row][vc_column]<div id=\"ultimate-heading-637469dba546255b0\" class=\"uvc-heading ult-adjust-bottom-margin ultimate-heading-637469dba546255b0 uvc-919 \" data-hspacer=\"no_spacer\"  data-halign=\"left\" style=\"text-align:left\"><div class=\"uvc-heading-spacer no_spacer\" style=\"top\"><\/div><div class=\"uvc-main-heading ult-responsive\"  data-ultimate-target='.uvc-heading.ultimate-heading-637469dba546255b0 h2'  data-responsive-json-new='{\"font-size\":\"desktop:31px;\",\"line-height\":\"\"}' ><h2 style=\"font-weight:bold;color:#009c70;\">Allgemeine Gesch\u00e4ftsbedingungen der Buchung<\/h2><\/div><\/div>[vc_empty_space height=&#8221;12px&#8221;][vc_separator color=&#8221;custom&#8221; border_width=&#8221;3&#8243; accent_color=&#8221;#009c70&#8243;][\/vc_column][\/vc_row][vc_row][vc_column][vc_column_text]Die Verf\u00fcgbarkeitsanfrage ist unverbindlich und stellt weder f\u00fcr den Kunden noch f\u00fcr Dkamping Village einen Vertrag dar.<br \/>\nDie Buchungsbest\u00e4tigung, die Dkamping Village dem Kunden zusendet, ist f\u00fcr beide Parteien bindend und stellt den Abschluss des Buchungsvertrages dar.<br \/>\nDie Reservierung wird f\u00fcr Dkamping Village erst mit Erhalt der Anzahlungsquittung verbindlich.<br \/>\nDie Anzahlung betr\u00e4gt 30 % des Aufenthaltspreises.<br \/>\nSobald Ihre Buchung best\u00e4tigt ist, erhalten Sie eine Best\u00e4tigungs-E-Mail<br \/>\nAnkunft (Check-in): von 15.00 bis 22.00 Uhr.<br \/>\nAbreise (Check-out): bis 10.00 Uhr<br \/>\nZahlungsbilanz: 7 Tage vor Anreise auf folgende Weise:<br \/>\n&#8211; Bank\u00fcberweisung<br \/>\n\u2013 per Kreditkarte Visa, Mastercard<br \/>\nKAUTION: F\u00fcr jedes Mobilheim ist bei der Ankunft eine Kaution in H\u00f6he von 100,00 \u20ac zu hinterlegen. Der Gast verpflichtet sich, mit dem Mobilheim und den Haushaltsger\u00e4ten gr\u00f6\u00dftm\u00f6gliche Sorgfalt walten zu lassen. Beschwerden \u00fcber den Zustand des Apartments werden nur innerhalb von 24 Stunden nach der Ankunft entgegengenommen. Eventueller Bruch oder Schaden an Gegenst\u00e4nden ist zu den jeweils g\u00fcltigen Preisen zu ersetzen.<br \/>\nDie Kaution wird innerhalb von 48 Stunden nach der Abreise durch Stornierung der Kreditkartenautorisierung zur\u00fcckerstattet, nachdem der Zustand des Mobilheims mit Ausnahme von Sch\u00e4den und\/oder M\u00e4ngeln \u00fcberpr\u00fcft wurde.<\/p>\n<p>ZAHLUNGSBEDINGUNGEN<br \/>\nBANK\u00dcBERWEISUNG<br \/>\nSie k\u00f6nnen die Anzahlung per Bank\u00fcberweisung in EURO auf unser Bankkonto unter Angabe folgender Daten \u00fcberweisen:<\/p>\n<p>Internationaler Campingplatz Ispra<br \/>\nBank: Intesa San Paolo<br \/>\nAgentur: Angera (VA)<br \/>\nIBAN: IT40 T030 6949 9800 0000 6477 166<br \/>\nSWIFT: BCITITMMXXX<\/p>\n<p>Senden Sie die Zahlungsbenachrichtigung an info@dkampingvillage.it (die Reservierung wird f\u00fcr die Struktur erst nach Erhalt dieser Benachrichtigung verbindlich),<\/p>\n<p>KREDITKARTE<br \/>\nSie k\u00f6nnen die Anzahlung per E-Mail leisten:<br \/>\n&#8211; Kreditkartennummer<br \/>\n&#8211; Verfallsdatum<\/p>\n<p>STORNIERUNG DER BUCHUNG (STORNIERUNG)<br \/>\nBei einer Stornierung innerhalb von 6 Wochen vor Anreise wird Ihnen eine Stornogeb\u00fchr in H\u00f6he von 25 % der Anzahlung berechnet<br \/>\nBei einer Stornierung zwischen 6 Wochen und einer Woche vor Anreise wird Ihnen eine Stornogeb\u00fchr in H\u00f6he von 100 % der Anzahlung berechnet<br \/>\nIm Falle einer vorzeitigen Abreise wird der volle Betrag der Reservierung berechnet.<br \/>\nHinweis: Die R\u00fcckbuchung erfolgt per Bank\u00fcberweisung abz\u00fcglich der mit der R\u00fcckerstattung verbundenen Bankgeb\u00fchren.<br \/>\nBei ung\u00fcnstigen Wetterbedingungen oder anderen Umst\u00e4nden, die au\u00dferhalb unserer Kontrolle liegen, erfolgt keine R\u00fcckerstattung.<br \/>\nDie Anzahlung kann nicht auf alternative Termine \u00fcbertragen werden<\/p>\n<p>ZUST\u00c4NDIGKEIT<br \/>\nF\u00fcr etwaige Streitigkeiten im Zusammenhang mit der Auslegung, Ausf\u00fchrung und\/oder Beendigung der Buchungsvertr\u00e4ge, f\u00fcr die diese Bedingungen gelten und bei denen Dkamping Village Partei des Verfahrens ist, ist ausschlie\u00dflich das Gericht von Varese zust\u00e4ndig.<br \/>\nPrivatsph\u00e4re:<br \/>\nINFORMATIONEN GEM\u00c4SS ART. 13 Gesetzesdekret. 196\/2003<br \/>\nDie erfassten personenbezogenen Daten werden von der Struktur und der A.S.D. verwendet. Dk Summer Club, auch mit Hilfe elektronischer und\/oder automatisierter Mittel, ausschlie\u00dflich zur Erf\u00fcllung der gesetzlichen Verpflichtungen im Zusammenhang mit der Durchf\u00fchrung der Gastfreundschafts- und Catering-Aktivit\u00e4ten der Struktur. Gem\u00e4\u00df Art. Gem\u00e4\u00df Art. 13 Gesetzesdekret 196\/2003 haben Sie das Recht, auf Ihre Daten zuzugreifen und deren Berichtigung, Erg\u00e4nzung und gegebenenfalls L\u00f6schung oder Sperrung zu verlangen.[\/vc_column_text][\/vc_column][\/vc_row]<\/p>\n<\/div>","protected":false},"excerpt":{"rendered":"<p>[vc_row][vc_column][vc_empty_space height=&#8221;12px&#8221;][vc_separator color=&#8221;custom&#8221; border_width=&#8221;3&#8243; accent_color=&#8221;#009c70&#8243;][\/vc_column][\/vc_row][vc_row][vc_column][vc_column_text]Die Verf\u00fcgbarkeitsanfrage ist unverbindlich und stellt weder f\u00fcr den Kunden noch f\u00fcr Dkamping Village einen Vertrag dar. Die Buchungsbest\u00e4tigung, die Dkamping Village dem Kunden zusendet, ist f\u00fcr beide Parteien bindend und stellt den Abschluss des Buchungsvertrages dar. Die Reservierung wird f\u00fcr Dkamping Village erst mit Erhalt der Anzahlungsquittung verbindlich. Die Anzahlung&hellip;<\/p>\n","protected":false},"author":2,"featured_media":0,"parent":0,"menu_order":0,"comment_status":"closed","ping_status":"closed","template":"","meta":[],"class_list":["post-3338","page","type-page","status-publish","hentry","description-off"],"_links":{"self":[{"href":"https:\/\/dkampingvillage.it\/de\/wp-json\/wp\/v2\/pages\/3338","targetHints":{"allow":["GET"]}}],"collection":[{"href":"https:\/\/dkampingvillage.it\/de\/wp-json\/wp\/v2\/pages"}],"about":[{"href":"https:\/\/dkampingvillage.it\/de\/wp-json\/wp\/v2\/types\/page"}],"author":[{"embeddable":true,"href":"https:\/\/dkampingvillage.it\/de\/wp-json\/wp\/v2\/users\/2"}],"replies":[{"embeddable":true,"href":"https:\/\/dkampingvillage.it\/de\/wp-json\/wp\/v2\/comments?post=3338"}],"version-history":[{"count":5,"href":"https:\/\/dkampingvillage.it\/de\/wp-json\/wp\/v2\/pages\/3338\/revisions"}],"predecessor-version":[{"id":4819,"href":"https:\/\/dkampingvillage.it\/de\/wp-json\/wp\/v2\/pages\/3338\/revisions\/4819"}],"wp:attachment":[{"href":"https:\/\/dkampingvillage.it\/de\/wp-json\/wp\/v2\/media?parent=3338"}],"curies":[{"name":"wp","href":"https:\/\/api.w.org\/{rel}","templated":true}]}}