{"id":3410,"date":"2018-03-12T09:27:37","date_gmt":"2018-03-12T08:27:37","guid":{"rendered":"http:\/\/internationalcampingispra.it\/de\/?page_id=3410"},"modified":"2024-02-26T16:10:57","modified_gmt":"2024-02-26T15:10:57","slug":"mobil-haus","status":"publish","type":"page","link":"https:\/\/dkampingvillage.it\/de\/mobil-haus\/","title":{"rendered":"Feriendorf am Lago Maggiore, Mobilheime in Ispra Lombardei"},"content":{"rendered":"<div class=\"wpb-content-wrapper\"><p>[vc_row][vc_column width=&#8221;1\/2&#8243;]<div id=\"ultimate-heading-833269db919bbad58\" class=\"uvc-heading ult-adjust-bottom-margin ultimate-heading-833269db919bbad58 uvc-2485  uvc-heading-default-font-sizes\" data-hspacer=\"no_spacer\"  data-halign=\"left\" style=\"text-align:left\"><div class=\"uvc-heading-spacer no_spacer\" style=\"top\"><\/div><div class=\"uvc-sub-heading ult-responsive\"  data-ultimate-target='.uvc-heading.ultimate-heading-833269db919bbad58 .uvc-sub-heading '  data-responsive-json-new='{\"font-size\":\"\",\"line-height\":\"\"}'  style=\"font-weight:normal;\"><\/p>\n<h4 style=\"text-align: left;\"><span style=\"color: #63acff;\"><strong>Mobil Haus 4 Sitze<\/strong><\/span><\/h4>\n<p style=\"text-align: left;\"><strong><span style=\"color: #63acff;\">Mobilheime bereich :<\/span>\u00a0<\/strong>20 m\u00b2<\/p>\n<p style=\"text-align: left;\"><span style=\"color: #63acff;\"><strong>Betten:<\/strong><\/span>\u00a0 1\u00a0Doppelzimmer , 1 Schlafzimmer mit 2\/3 Einzelbetten , 1 Schlafsofa<\/p>\n<p style=\"text-align: left;\">Zwei-Zimmer-Wohnung mit K\u00fcche, Bad und eigener Terrasse.<\/p>\n<p><\/div><\/div>[\/vc_column][vc_column width=&#8221;1\/2&#8243;]<div class=\" ubtn-ctn-center \"><a class=\"ubtn-link ult-adjust-bottom-margin ubtn-center ubtn-normal \" href=\"http:\/\/dkampingvillage.it\/de\/kontakte\/\" ><button type=\"button\" id=\"ubtn-7770\"  class=\"ubtn ult-adjust-bottom-margin ult-responsive ubtn-normal ubtn-fade-bg  ulta-grow  ubtn-center   tooltip-69db919bbad82\"  data-hover=\"#ffffff\" data-border-color=\"#63acff\" data-bg=\"#63acff\" data-hover-bg=\"#009c70\" data-border-hover=\"#009c70\" data-shadow-hover=\"\" data-shadow-click=\"none\" data-shadow=\"\" data-shd-shadow=\"\"  data-ultimate-target='#ubtn-7770'  data-responsive-json-new='{\"font-size\":\"desktop:21px;\",\"line-height\":\"\"}'  style=\"font-weight:bold;border-radius:50px;border-width:1px;border-color:#63acff;border-style:solid;background: #63acff;color: #ffffff;\"><span class=\"ubtn-hover\" style=\"background-color:#009c70\"><\/span><span class=\"ubtn-data ubtn-text \" >Kontaktieren Sie uns<\/span><\/button><\/a><\/div><div class=\" ubtn-ctn-center \"><a class=\"ubtn-link ult-adjust-bottom-margin ubtn-center ubtn-normal \" href=\"https:\/\/bookingispra.cloudvillage.it\/index.cfm?lang=2\" target=\"_blank\" rel=\"noopener\" ><button type=\"button\" id=\"ubtn-9645\"  class=\"ubtn ult-adjust-bottom-margin ult-responsive ubtn-normal ubtn-fade-bg  ulta-grow  ubtn-center   tooltip-69db919bbadb4\"  data-hover=\"#ffffff\" data-border-color=\"#63acff\" data-bg=\"#63acff\" data-hover-bg=\"#009c70\" data-border-hover=\"#009c70\" data-shadow-hover=\"\" data-shadow-click=\"none\" data-shadow=\"\" data-shd-shadow=\"\"  data-ultimate-target='#ubtn-9645'  data-responsive-json-new='{\"font-size\":\"desktop:21px;\",\"line-height\":\"\"}'  style=\"font-weight:bold;border-radius:50px;border-width:1px;border-color:#63acff;border-style:solid;background: #63acff;color: #ffffff;\"><span class=\"ubtn-hover\" style=\"background-color:#009c70\"><\/span><span class=\"ubtn-data ubtn-text \" >Book now<\/span><\/button><\/a><\/div>[\/vc_column][\/vc_row][vc_row][vc_column][vc_empty_space][vc_separator color=&#8221;custom&#8221; border_width=&#8221;3&#8243; accent_color=&#8221;#009c70&#8243;]<div id=\"ultimate-heading-581369db919bbadcf\" class=\"uvc-heading ult-adjust-bottom-margin ultimate-heading-581369db919bbadcf uvc-2536  uvc-heading-default-font-sizes\" data-hspacer=\"no_spacer\"  data-halign=\"center\" style=\"text-align:center\"><div class=\"uvc-heading-spacer no_spacer\" style=\"top\"><\/div><div class=\"uvc-sub-heading ult-responsive\"  data-ultimate-target='.uvc-heading.ultimate-heading-581369db919bbadcf .uvc-sub-heading '  data-responsive-json-new='{\"font-size\":\"\",\"line-height\":\"\"}'  style=\"font-weight:normal;\"><\/p>\n<h5><span style=\"color: #009c70;\"><strong>Der Preis beinhaltet die Unterkunft f\u00fcr zwei Personen,\u00a0Bettw\u00e4sche, Handt\u00fccher, Klimaanlage, Endreinigung.<\/strong><\/span><\/h5>\n<p><\/div><\/div>[vc_empty_space]<div id=\"ultimate-heading-230669db919bbaddd\" class=\"uvc-heading ult-adjust-bottom-margin ultimate-heading-230669db919bbaddd uvc-3194  uvc-heading-default-font-sizes\" data-hspacer=\"no_spacer\"  data-halign=\"center\" style=\"text-align:center\"><div class=\"uvc-heading-spacer no_spacer\" style=\"top\"><\/div><div class=\"uvc-sub-heading ult-responsive\"  data-ultimate-target='.uvc-heading.ultimate-heading-230669db919bbaddd .uvc-sub-heading '  data-responsive-json-new='{\"font-size\":\"\",\"line-height\":\"\"}'  style=\"font-weight:normal;\">Der Preis beinhaltet keine Kurtaxe 0,75 \u20ac pro Person pro Tag.<\/p>\n<p><span style=\"color: #009c70;\"><strong>Die Bungalow Dienstleistungen: <\/strong><\/span>Terrasse, Ansichten, Satelliten TV, Flachbild-TV, Schreibtisch, Sitzecke , Heizung, privater Eingang, Moskitonetz, Dusche, WC, Bad, K\u00fcchenzeile, K\u00fchlschrank, Essbereich, K\u00fcchenutensilien.<\/div><\/div>[vc_empty_space][\/vc_column][\/vc_row][vc_row][vc_column width=&#8221;1\/2&#8243;]<div id=\"ultimate-heading-767969db919bbadea\" class=\"uvc-heading ult-adjust-bottom-margin ultimate-heading-767969db919bbadea uvc-8130  uvc-heading-default-font-sizes\" data-hspacer=\"no_spacer\"  data-halign=\"center\" style=\"text-align:center\"><div class=\"uvc-heading-spacer no_spacer\" style=\"top\"><\/div><div class=\"uvc-sub-heading ult-responsive\"  data-ultimate-target='.uvc-heading.ultimate-heading-767969db919bbadea .uvc-sub-heading '  data-responsive-json-new='{\"font-size\":\"\",\"line-height\":\"\"}'  style=\"font-weight:normal;\"><\/p>\n<p style=\"text-align: left;\"><span style=\"color: #009c70;\"><strong>R\u00e4ume im Freien<br \/>\n<\/strong><\/span><\/p>\n<ul style=\"text-align: left;\">\n<li>Au\u00dfenpool (saisonal)<\/li>\n<li>Grill<\/li>\n<li>Patio<\/li>\n<li>Terrasse<\/li>\n<li>Beach Volley<\/li>\n<li>Haustiere<\/li>\n<\/ul>\n<p style=\"text-align: left;\"><span style=\"color: #009c70;\"><strong>Haustiere<\/strong><\/span><\/p>\n<ul style=\"text-align: left;\">\n<li>\u00a0Tiere sind nicht erlaubt<\/li>\n<\/ul>\n<p style=\"text-align: left;\"><span style=\"color: #009c70;\"><strong>Aktivit\u00e4ten<\/strong><\/span><\/p>\n<ul style=\"text-align: left;\">\n<li>Wassersportm\u00f6glichkeiten (vor Ort)<\/li>\n<li>Animationspersonal (Juli und August)<\/li>\n<li>Radfahren<\/li>\n<li>Wandern<\/li>\n<li>Fahrradverleih (gegen Geb\u00fchr)<\/li>\n<li>Wanne<\/li>\n<li>Karaoke<\/li>\n<li>Tischtennis<\/li>\n<li>Spielplatz<\/li>\n<li>Spielzimmer<\/li>\n<li>Angeln<\/li>\n<li>Tennisplatz<\/li>\n<li>Wohnbereich<\/li>\n<\/ul>\n<p style=\"text-align: left;\"><span style=\"color: #009c70;\"><strong>Wohnbereich<\/strong><\/span><\/p>\n<ul style=\"text-align: left;\">\n<li>Essbereich<\/li>\n<li>Wohnbereich<\/li>\n<li>Schreibtisch<\/li>\n<\/ul>\n<p style=\"text-align: left;\"><span style=\"color: #009c70;\"><strong>Catering-Dienstleistungen<\/strong><\/span><\/p>\n<ul style=\"text-align: left;\">\n<li>Restaurant (\u00e0 la carte)<\/li>\n<li>Bar<\/li>\n<li>Pizzeria<\/li>\n<\/ul>\n<p><\/div><\/div>[\/vc_column][vc_column width=&#8221;1\/2&#8243;]<div id=\"ultimate-heading-603569db919bbae08\" class=\"uvc-heading ult-adjust-bottom-margin ultimate-heading-603569db919bbae08 uvc-9556  uvc-heading-default-font-sizes\" data-hspacer=\"no_spacer\"  data-halign=\"center\" style=\"text-align:center\"><div class=\"uvc-heading-spacer no_spacer\" style=\"top\"><\/div><div class=\"uvc-sub-heading ult-responsive\"  data-ultimate-target='.uvc-heading.ultimate-heading-603569db919bbae08 .uvc-sub-heading '  data-responsive-json-new='{\"font-size\":\"\",\"line-height\":\"\"}'  style=\"font-weight:normal;\"><\/p>\n<p style=\"text-align: left;\"><span style=\"color: #009c70;\"><strong>Medien und Technologie<br \/>\n<\/strong><\/span><\/p>\n<ul style=\"text-align: left;\">\n<li>Flachbildfernseher<\/li>\n<li>Satellitenkan\u00e4le<\/li>\n<\/ul>\n<p style=\"text-align: left;\"><span style=\"color: #009c70;\"><strong>Internet<\/strong><\/span><\/p>\n<ul style=\"text-align: left;\">\n<li>Internetverbindung ist gegen Geb\u00fchr verf\u00fcgbar.<\/li>\n<\/ul>\n<p style=\"text-align: left;\"><span style=\"color: #009c70;\"><strong>Parkplatz<\/strong><\/span><\/p>\n<ul style=\"text-align: left;\">\n<li><strong>Kostenlos<\/strong>! \u00d6ffentliche Parkpl\u00e4tze stehen kostenlos vor Ort ohne Reservierung zur Verf\u00fcgung.<\/li>\n<\/ul>\n<p style=\"text-align: left;\"><span style=\"color: #009c70;\"><strong>Andere Dienstleistungen<br \/>\n<\/strong><\/span><\/p>\n<ul style=\"text-align: left;\">\n<li>Concierge-Service<\/li>\n<li>Fax \/ Fotokopierer<\/li>\n<li>Informationsschalter f\u00fcr Ausfl\u00fcge<\/li>\n<\/ul>\n<p style=\"text-align: left;\"><span style=\"color: #009c70;\"><strong>Allgemeine Dienstleistungen<br \/>\n<\/strong><\/span><\/p>\n<ul style=\"text-align: left;\">\n<li>Klimaanlage<\/li>\n<li>Moskitonetze<\/li>\n<li>Unabh\u00e4ngiger Eingang<\/li>\n<li>Heizung<\/li>\n<li>Nichtraucherzimmer<\/li>\n<\/ul>\n<p style=\"text-align: left;\"><span style=\"color: #009c70;\"><strong>Sprachen gesprochen<br \/>\n<\/strong><\/span><\/p>\n<ul style=\"text-align: left;\">\n<li>Italienisch<\/li>\n<li>Franz\u00f6sisch<\/li>\n<li>Englisch<\/li>\n<\/ul>\n<p><\/div><\/div>[\/vc_column][\/vc_row][vc_row][vc_column width=&#8221;1\/3&#8243;][\/vc_column][vc_column width=&#8221;1\/3&#8243;][vc_empty_space]<div class=\" ubtn-ctn-center \"><a class=\"ubtn-link ult-adjust-bottom-margin ubtn-center ubtn-normal \" href=\"http:\/\/dkampingvillage.it\/de\/termini-e-condizioni-di-prenotazione\/\" ><button type=\"button\" id=\"ubtn-2316\"  class=\"ubtn ult-adjust-bottom-margin ult-responsive ubtn-normal ubtn-no-hover-bg  ulta-pop  ubtn-center   tooltip-69db919bbae19\"  data-hover=\"#ffffff\" data-border-color=\"#63acff\" data-bg=\"#63acff\" data-hover-bg=\"#63acff\" data-border-hover=\"#009c70\" data-shadow-hover=\"\" data-shadow-click=\"none\" data-shadow=\"\" data-shd-shadow=\"\"  data-ultimate-target='#ubtn-2316'  data-responsive-json-new='{\"font-size\":\"desktop:17px;\",\"line-height\":\"\"}'  style=\"font-weight:bold;border-radius:50px;border-width:1px;border-color:#63acff;border-style:solid;background: #63acff;color: #ffffff;\"><span class=\"ubtn-hover\" style=\"background-color:#63acff\"><\/span><span class=\"ubtn-data ubtn-text \" >Allgemeine Gesch\u00e4ftsbedingungen<\/span><\/button><\/a><\/div>[\/vc_column][vc_column width=&#8221;1\/3&#8243;][\/vc_column][\/vc_row][vc_row][vc_column][rev_slider_vc alias=&#8221;bungalow2&#8243;][\/vc_column][\/vc_row]<\/p>\n<\/div>","protected":false},"excerpt":{"rendered":"<p>[vc_row][vc_column width=&#8221;1\/2&#8243;][\/vc_column][vc_column width=&#8221;1\/2&#8243;][\/vc_column][\/vc_row][vc_row][vc_column][vc_empty_space][vc_separator color=&#8221;custom&#8221; border_width=&#8221;3&#8243; accent_color=&#8221;#009c70&#8243;][vc_empty_space][vc_empty_space][\/vc_column][\/vc_row][vc_row][vc_column width=&#8221;1\/2&#8243;][\/vc_column][vc_column width=&#8221;1\/2&#8243;][\/vc_column][\/vc_row][vc_row][vc_column width=&#8221;1\/3&#8243;][\/vc_column][vc_column width=&#8221;1\/3&#8243;][vc_empty_space][\/vc_column][vc_column width=&#8221;1\/3&#8243;][\/vc_column][\/vc_row][vc_row][vc_column][rev_slider_vc alias=&#8221;bungalow2&#8243;][\/vc_column][\/vc_row]<\/p>\n","protected":false},"author":2,"featured_media":0,"parent":0,"menu_order":0,"comment_status":"closed","ping_status":"closed","template":"","meta":[],"class_list":["post-3410","page","type-page","status-publish","hentry","description-off"],"_links":{"self":[{"href":"https:\/\/dkampingvillage.it\/de\/wp-json\/wp\/v2\/pages\/3410","targetHints":{"allow":["GET"]}}],"collection":[{"href":"https:\/\/dkampingvillage.it\/de\/wp-json\/wp\/v2\/pages"}],"about":[{"href":"https:\/\/dkampingvillage.it\/de\/wp-json\/wp\/v2\/types\/page"}],"author":[{"embeddable":true,"href":"https:\/\/dkampingvillage.it\/de\/wp-json\/wp\/v2\/users\/2"}],"replies":[{"embeddable":true,"href":"https:\/\/dkampingvillage.it\/de\/wp-json\/wp\/v2\/comments?post=3410"}],"version-history":[{"count":18,"href":"https:\/\/dkampingvillage.it\/de\/wp-json\/wp\/v2\/pages\/3410\/revisions"}],"predecessor-version":[{"id":4809,"href":"https:\/\/dkampingvillage.it\/de\/wp-json\/wp\/v2\/pages\/3410\/revisions\/4809"}],"wp:attachment":[{"href":"https:\/\/dkampingvillage.it\/de\/wp-json\/wp\/v2\/media?parent=3410"}],"curies":[{"name":"wp","href":"https:\/\/api.w.org\/{rel}","templated":true}]}}