{"id":3415,"date":"2018-03-12T09:52:51","date_gmt":"2018-03-12T08:52:51","guid":{"rendered":"http:\/\/internationalcampingispra.it\/de\/?page_id=3415"},"modified":"2024-02-26T14:29:04","modified_gmt":"2024-02-26T13:29:04","slug":"campingplatz","status":"publish","type":"page","link":"https:\/\/dkampingvillage.it\/de\/campingplatz\/","title":{"rendered":"Campingplatz am Lago Maggiore, Campingplatz in Ispra, Pl\u00ebtze in Lombardei"},"content":{"rendered":"<div class=\"wpb-content-wrapper\"><p>[vc_row][vc_column width=&#8221;1\/2&#8243;]<div id=\"ultimate-heading-698369db91e878d86\" class=\"uvc-heading ult-adjust-bottom-margin ultimate-heading-698369db91e878d86 uvc-1512  uvc-heading-default-font-sizes\" data-hspacer=\"no_spacer\"  data-halign=\"center\" style=\"text-align:center\"><div class=\"uvc-heading-spacer no_spacer\" style=\"top\"><\/div><div class=\"uvc-sub-heading ult-responsive\"  data-ultimate-target='.uvc-heading.ultimate-heading-698369db91e878d86 .uvc-sub-heading '  data-responsive-json-new='{\"font-size\":\"\",\"line-height\":\"\"}'  style=\"font-weight:normal;\"><\/p>\n<h4 style=\"text-align: left;\"><strong><span style=\"color: #63acff;\">Stellpl\u00e4tze<\/span><\/strong><\/h4>\n<p style=\"text-align: left;\">Rund 40 Stellpl\u00e4tze f\u00fcr den Reisetourismus mit unterschiedlichen Gr\u00f6\u00dfen von 45 bis 100 m\u00b2, sodass Sie Zelte, Wohnwagen oder Wohnmobile jeder Art und Gr\u00f6\u00dfe aufstellen k\u00f6nnen. Alle Stellpl\u00e4tze verf\u00fcgen \u00fcber S\u00e4ulen f\u00fcr den Stromanschluss, die den Sicherheitsvorschriften entsprechen.<\/p>\n<p style=\"text-align: left;\">Einige verf\u00fcgen auch \u00fcber eine M\u00f6glichkeit zum Be- und Entladen von Wasser.<br \/>\nAlle Rasen- oder Kiesfl\u00e4chen eignen sich hervorragend sowohl zum Zeltaufbau als auch zum Aufstellen von Wohnmobilen und Wohnwagen.<\/p>\n<p><\/div><\/div>[\/vc_column][vc_column width=&#8221;1\/2&#8243;]<div class=\" ubtn-ctn-center \"><a class=\"ubtn-link ult-adjust-bottom-margin ubtn-center ubtn-normal \" href=\"http:\/\/dkampingvillage.it\/de\/kontakte\/\" ><button type=\"button\" id=\"ubtn-6199\"  class=\"ubtn ult-adjust-bottom-margin ult-responsive ubtn-normal ubtn-fade-bg  ulta-grow  ubtn-center   tooltip-69db91e878daf\"  data-hover=\"#ffffff\" data-border-color=\"#63acff\" data-bg=\"#63acff\" data-hover-bg=\"#63acff\" data-border-hover=\"#009c70\" data-shadow-hover=\"\" data-shadow-click=\"none\" data-shadow=\"\" data-shd-shadow=\"\"  data-ultimate-target='#ubtn-6199'  data-responsive-json-new='{\"font-size\":\"desktop:21px;\",\"line-height\":\"\"}'  style=\"font-weight:bold;border-radius:50px;border-width:1px;border-color:#63acff;border-style:solid;background: #63acff;color: #ffffff;\"><span class=\"ubtn-hover\" style=\"background-color:#63acff\"><\/span><span class=\"ubtn-data ubtn-text \" >Kontaktieren Sie uns<\/span><\/button><\/a><\/div><div class=\" ubtn-ctn-center \"><a class=\"ubtn-link ult-adjust-bottom-margin ubtn-center ubtn-normal \" href=\"https:\/\/bookingispra.cloudvillage.it\/index.cfm?lang=2\" target=\"_blank\" rel=\"noopener\" ><button type=\"button\" id=\"ubtn-1979\"  class=\"ubtn ult-adjust-bottom-margin ult-responsive ubtn-normal ubtn-fade-bg  ulta-grow  ubtn-center   tooltip-69db91e878ded\"  data-hover=\"#ffffff\" data-border-color=\"#63acff\" data-bg=\"#63acff\" data-hover-bg=\"#63acff\" data-border-hover=\"#009c70\" data-shadow-hover=\"\" data-shadow-click=\"none\" data-shadow=\"\" data-shd-shadow=\"\"  data-ultimate-target='#ubtn-1979'  data-responsive-json-new='{\"font-size\":\"desktop:21px;\",\"line-height\":\"\"}'  style=\"font-weight:bold;border-radius:50px;border-width:1px;border-color:#63acff;border-style:solid;background: #63acff;color: #ffffff;\"><span class=\"ubtn-hover\" style=\"background-color:#63acff\"><\/span><span class=\"ubtn-data ubtn-text \" >Book now<\/span><\/button><\/a><\/div>[\/vc_column][\/vc_row][vc_row][vc_column][vc_empty_space][vc_separator color=&#8221;custom&#8221; border_width=&#8221;3&#8243; accent_color=&#8221;#009c70&#8243;][vc_row_inner][vc_column_inner]<div id=\"ultimate-heading-228369db91e878e0a\" class=\"uvc-heading ult-adjust-bottom-margin ultimate-heading-228369db91e878e0a uvc-8505  uvc-heading-default-font-sizes\" data-hspacer=\"no_spacer\"  data-halign=\"center\" style=\"text-align:center\"><div class=\"uvc-heading-spacer no_spacer\" style=\"top\"><\/div><div class=\"uvc-sub-heading ult-responsive\"  data-ultimate-target='.uvc-heading.ultimate-heading-228369db91e878e0a .uvc-sub-heading '  data-responsive-json-new='{\"font-size\":\"\",\"line-height\":\"\"}'  style=\"font-weight:normal;\"><\/p>\n<h5 style=\"text-align: center;\"><strong><span style=\"color: #009c70;\">\u00a0Pitch-Dienste<br \/>\n<\/span><\/strong><\/h5>\n<p><\/div><\/div>[vc_empty_space][\/vc_column_inner][\/vc_row_inner][\/vc_column][\/vc_row][vc_row][vc_column width=&#8221;1\/2&#8243;]<div id=\"ultimate-heading-657269db91e878e19\" class=\"uvc-heading ult-adjust-bottom-margin ultimate-heading-657269db91e878e19 uvc-2698  uvc-heading-default-font-sizes\" data-hspacer=\"no_spacer\"  data-halign=\"center\" style=\"text-align:center\"><div class=\"uvc-heading-spacer no_spacer\" style=\"top\"><\/div><div class=\"uvc-sub-heading ult-responsive\"  data-ultimate-target='.uvc-heading.ultimate-heading-657269db91e878e19 .uvc-sub-heading '  data-responsive-json-new='{\"font-size\":\"\",\"line-height\":\"\"}'  style=\"font-weight:normal;\"><\/p>\n<p style=\"text-align: left;\"><span style=\"color: #009c70;\"><strong>Freifl\u00e4chen<\/strong><\/span><\/p>\n<ul style=\"text-align: left;\">\n<li style=\"text-align: left;\">Au\u00dfenpool (saisonal)<\/li>\n<li style=\"text-align: left;\">Grill<\/li>\n<li style=\"text-align: left;\">Beach-Volleyball<\/li>\n<\/ul>\n<p style=\"text-align: left;\"><span style=\"color: #009c70;\"><strong>Haustiere<\/strong><\/span><\/p>\n<ul style=\"text-align: left;\">\n<li>Haustiere sind erlaubt. Sie k\u00f6nnen eine zus\u00e4tzliche Geb\u00fchr anfallen.<\/li>\n<\/ul>\n<p style=\"text-align: left;\"><span style=\"color: #009c70;\"><strong>Attivit\u00e0<\/strong><\/span><\/p>\n<ul style=\"text-align: left;\">\n<li>Wassersporteinrichtungen (vor Ort)<\/li>\n<li>Entertainment-Team (Juli und August)<\/li>\n<li>Radfahren<\/li>\n<li>Wandern<\/li>\n<li>Fahrradverleih (gegen Geb\u00fchr)<\/li>\n<li>Whirlpool \/ Jacuzzi<\/li>\n<li>Karaoke<\/li>\n<li>Tischtennis<\/li>\n<li>Spielplatz<\/li>\n<li>Spielzimmer<\/li>\n<li>Angeln<\/li>\n<li>Tennisplatz<\/li>\n<\/ul>\n<p><\/div><\/div>[\/vc_column][vc_column width=&#8221;1\/2&#8243;]<div id=\"ultimate-heading-399369db91e878e26\" class=\"uvc-heading ult-adjust-bottom-margin ultimate-heading-399369db91e878e26 uvc-3620  uvc-heading-default-font-sizes\" data-hspacer=\"no_spacer\"  data-halign=\"center\" style=\"text-align:center\"><div class=\"uvc-heading-spacer no_spacer\" style=\"top\"><\/div><div class=\"uvc-sub-heading ult-responsive\"  data-ultimate-target='.uvc-heading.ultimate-heading-399369db91e878e26 .uvc-sub-heading '  data-responsive-json-new='{\"font-size\":\"\",\"line-height\":\"\"}'  style=\"font-weight:normal;\"><\/p>\n<p style=\"text-align: left;\"><span style=\"color: #009c70;\"><strong>Restaurants und Dienstleistungen<br \/>\n<\/strong><\/span><\/p>\n<ul style=\"text-align: left;\">\n<li>f\u00fcr spezielle Ern\u00e4hrungsbed\u00fcrfnisse (auf Anfrage)<\/li>\n<li>Restaurant (\u00e0 la carte)<\/li>\n<li>Cafeteria<\/li>\n<li>Pizzeria<\/li>\n<\/ul>\n<p style=\"text-align: left;\"><span style=\"color: #009c70;\"><strong>Internet<\/strong><\/span><\/p>\n<ul style=\"text-align: left;\">\n<li>Internetverbindung gegen Geb\u00fchr erh\u00e4ltlich<\/li>\n<\/ul>\n<p style=\"text-align: left;\"><span style=\"color: #009c70;\"><strong>Parkplatz<\/strong><\/span><\/p>\n<ul style=\"text-align: left;\">\n<li><strong>Kostenlos!<\/strong> \u00d6ffentliche Parkpl\u00e4tze im gesamten Hotel zur Verf\u00fcgung.<\/li>\n<\/ul>\n<p style=\"text-align: left;\"><span style=\"color: #009c70;\"><strong>Andere Dienstleistungen<\/strong><\/span><\/p>\n<ul style=\"text-align: left;\">\n<li>Conciergeservice<\/li>\n<li>Fax \/ Fotokopierer<\/li>\n<li>Informationsschalter f\u00fcr Ausfl\u00fcge<\/li>\n<\/ul>\n<p style=\"text-align: left;\"><span style=\"color: #009c70;\"><strong>Sprachkenntnisse<\/strong><\/span><\/p>\n<ul style=\"text-align: left;\">\n<li>Italienisch<\/li>\n<li>Franz\u00f6sisch<\/li>\n<li>Englisch<\/li>\n<\/ul>\n<p><\/div><\/div>[\/vc_column][\/vc_row][vc_row][vc_column width=&#8221;1\/3&#8243;][\/vc_column][vc_column width=&#8221;1\/3&#8243;][vc_empty_space]<div class=\" ubtn-ctn-center \"><a class=\"ubtn-link ult-adjust-bottom-margin ubtn-center ubtn-normal \" href=\"http:\/\/dkampingvillage.it\/de\/termini-e-condizioni-di-prenotazione\/\" ><button type=\"button\" id=\"ubtn-5061\"  class=\"ubtn ult-adjust-bottom-margin ult-responsive ubtn-normal ubtn-fade-bg  ulta-grow  ubtn-center   tooltip-69db91e878e45\"  data-hover=\"#ffffff\" data-border-color=\"#63acff\" data-bg=\"#63acff\" data-hover-bg=\"#63acff\" data-border-hover=\"#009c70\" data-shadow-hover=\"\" data-shadow-click=\"none\" data-shadow=\"\" data-shd-shadow=\"\"  data-ultimate-target='#ubtn-5061'  data-responsive-json-new='{\"font-size\":\"desktop:17px;\",\"line-height\":\"\"}'  style=\"font-weight:bold;border-radius:50px;border-width:1px;border-color:#63acff;border-style:solid;background: #63acff;color: #ffffff;\"><span class=\"ubtn-hover\" style=\"background-color:#63acff\"><\/span><span class=\"ubtn-data ubtn-text \" >Allgemeine Gesch\u00e4ftsbedingungen<\/span><\/button><\/a><\/div>[\/vc_column][vc_column width=&#8221;1\/3&#8243;][\/vc_column][\/vc_row][vc_row][vc_column][\/vc_column][\/vc_row]<\/p>\n<\/div>","protected":false},"excerpt":{"rendered":"<p>[vc_row][vc_column width=&#8221;1\/2&#8243;][\/vc_column][vc_column width=&#8221;1\/2&#8243;][\/vc_column][\/vc_row][vc_row][vc_column][vc_empty_space][vc_separator color=&#8221;custom&#8221; border_width=&#8221;3&#8243; accent_color=&#8221;#009c70&#8243;][vc_row_inner][vc_column_inner][vc_empty_space][\/vc_column_inner][\/vc_row_inner][\/vc_column][\/vc_row][vc_row][vc_column width=&#8221;1\/2&#8243;][\/vc_column][vc_column width=&#8221;1\/2&#8243;][\/vc_column][\/vc_row][vc_row][vc_column width=&#8221;1\/3&#8243;][\/vc_column][vc_column width=&#8221;1\/3&#8243;][vc_empty_space][\/vc_column][vc_column width=&#8221;1\/3&#8243;][\/vc_column][\/vc_row][vc_row][vc_column][\/vc_column][\/vc_row]<\/p>\n","protected":false},"author":2,"featured_media":0,"parent":0,"menu_order":0,"comment_status":"closed","ping_status":"closed","template":"","meta":[],"class_list":["post-3415","page","type-page","status-publish","hentry","description-off"],"_links":{"self":[{"href":"https:\/\/dkampingvillage.it\/de\/wp-json\/wp\/v2\/pages\/3415","targetHints":{"allow":["GET"]}}],"collection":[{"href":"https:\/\/dkampingvillage.it\/de\/wp-json\/wp\/v2\/pages"}],"about":[{"href":"https:\/\/dkampingvillage.it\/de\/wp-json\/wp\/v2\/types\/page"}],"author":[{"embeddable":true,"href":"https:\/\/dkampingvillage.it\/de\/wp-json\/wp\/v2\/users\/2"}],"replies":[{"embeddable":true,"href":"https:\/\/dkampingvillage.it\/de\/wp-json\/wp\/v2\/comments?post=3415"}],"version-history":[{"count":12,"href":"https:\/\/dkampingvillage.it\/de\/wp-json\/wp\/v2\/pages\/3415\/revisions"}],"predecessor-version":[{"id":4785,"href":"https:\/\/dkampingvillage.it\/de\/wp-json\/wp\/v2\/pages\/3415\/revisions\/4785"}],"wp:attachment":[{"href":"https:\/\/dkampingvillage.it\/de\/wp-json\/wp\/v2\/media?parent=3415"}],"curies":[{"name":"wp","href":"https:\/\/api.w.org\/{rel}","templated":true}]}}