{"id":3335,"date":"2018-03-01T19:58:34","date_gmt":"2018-03-01T18:58:34","guid":{"rendered":"http:\/\/internationalcampingispra.it\/fr\/?page_id=3335"},"modified":"2024-05-03T10:40:58","modified_gmt":"2024-05-03T09:40:58","slug":"termes-et-conditions-de-reservation","status":"publish","type":"page","link":"https:\/\/dkampingvillage.it\/fr\/termes-et-conditions-de-reservation\/","title":{"rendered":"Termes et conditions de r\u00e9servation"},"content":{"rendered":"<div class=\"wpb-content-wrapper\"><p>[vc_row][vc_column]<div id=\"ultimate-heading-358069dba6f763376\" class=\"uvc-heading ult-adjust-bottom-margin ultimate-heading-358069dba6f763376 uvc-6344 \" data-hspacer=\"no_spacer\"  data-halign=\"left\" style=\"text-align:left\"><div class=\"uvc-heading-spacer no_spacer\" style=\"top\"><\/div><div class=\"uvc-main-heading ult-responsive\"  data-ultimate-target='.uvc-heading.ultimate-heading-358069dba6f763376 h2'  data-responsive-json-new='{\"font-size\":\"desktop:31px;\",\"line-height\":\"\"}' ><h2 style=\"font-weight:bold;color:#009c70;\">Termes et conditions de r\u00e9servation<\/h2><\/div><\/div>[vc_empty_space height=\u00a0\u00bb12px\u00a0\u00bb][vc_separator color=\u00a0\u00bbcustom\u00a0\u00bb border_width=\u00a0\u00bb3&Prime; accent_color=\u00a0\u00bb#009c70&Prime;][\/vc_column][\/vc_row][vc_row][vc_column][vc_column_text]La demande de disponibilit\u00e9 est sans engagement et ne prend pas la forme d&rsquo;un contrat ni pour le Client ni pour Dkaping Village.<br \/>\nLa confirmation de r\u00e9servation que Dkamping Village envoie au Client engage les deux parties et constitue l&rsquo;ex\u00e9cution du contrat de r\u00e9servation.<br \/>\nLa r\u00e9servation ne devient ferme pour Dkaping Village qu&rsquo;\u00e0 r\u00e9ception du re\u00e7u de paiement de l&rsquo;acompte.<br \/>\nLe montant de l&rsquo;acompte confirmatif est \u00e9gal \u00e0 30% du montant du s\u00e9jour.<br \/>\nLorsque votre r\u00e9servation est confirm\u00e9e, vous recevrez un e-mail de confirmation<br \/>\nArriv\u00e9es (check-in) : de 15h00 \u00e0 22h00.<br \/>\nD\u00e9parts (check-out) : avant 10h00<br \/>\nBalance des paiements : 7 jours avant l&rsquo;arriv\u00e9e selon les modalit\u00e9s suivantes :<br \/>\n&#8211; virement<br \/>\n\u2013 par carte bancaire Visa, Mastercard<br \/>\nCAUTION : Une caution de 100,00 \u20ac doit \u00eatre vers\u00e9e \u00e0 l&rsquo;arriv\u00e9e pour chaque mobil-home. Le client s&rsquo;engage \u00e0 prendre le plus grand soin du mobil-home et des appareils \u00e9lectrom\u00e9nagers. Les r\u00e9clamations concernant l&rsquo;\u00e9tat de l&rsquo;appartement ne seront accept\u00e9es que dans les 24 heures suivant l&rsquo;arriv\u00e9e. Tout bris ou d\u00e9t\u00e9rioration d&rsquo;objets doit \u00eatre indemnis\u00e9 aux prix en vigueur.<br \/>\nLa caution sera restitu\u00e9e dans les 48 heures suivant le d\u00e9part, en annulant l&rsquo;autorisation de carte de cr\u00e9dit, apr\u00e8s avoir v\u00e9rifi\u00e9 l&rsquo;\u00e9tat du mobil-home \u00e0 l&rsquo;exception des d\u00e9gradations et\/ou manquants.<\/p>\n<p>MODALIT\u00c9S DE PAIEMENT<br \/>\nVIREMENT<br \/>\nVous pouvez envoyer l&rsquo;acompte par virement bancaire en EURO sur notre compte bancaire en utilisant les donn\u00e9es suivantes\u00a0:<\/p>\n<p>Camping international d&rsquo;Ispra<br \/>\nBanque : Intesa San Paolo<br \/>\nAgence\u00a0: Angera (VA)<br \/>\nIBAN : IT40 T030 6949 9800 0000 6477 166<br \/>\nSWIFT\u00a0: BCITITMMXXX<\/p>\n<p>Envoyez la notification de paiement \u00e0 info@dkampingvillage.it (la r\u00e9servation ne devient contraignante pour la structure qu&rsquo;\u00e0 la r\u00e9ception de cette notification),<\/p>\n<p>CARTE DE CR\u00c9DIT<br \/>\nVous pouvez payer l&rsquo;acompte en communiquant par e-mail:<br \/>\n&#8211; Num\u00e9ro de Carte de Cr\u00e9dit<br \/>\n&#8211; Date d&rsquo;expiration<\/p>\n<p>ANNULATION DE R\u00c9SERVATION (ANNULATION)<br \/>\nEn cas d&rsquo;annulation moins de 6 semaines avant l&rsquo;arriv\u00e9e, des frais d&rsquo;annulation de 25% de l&rsquo;acompte vous seront factur\u00e9s<br \/>\nEn cas d&rsquo;annulation entre 6 semaines et une semaine avant l&rsquo;arriv\u00e9e, des frais d&rsquo;annulation de 100% de l&rsquo;acompte vous seront factur\u00e9s<br \/>\nEn cas de d\u00e9part anticip\u00e9, le montant total de la r\u00e9servation sera factur\u00e9.<br \/>\nN.B. l&rsquo;annulation s&rsquo;effectuera par virement bancaire d\u00e9duction faite des frais bancaires li\u00e9s au remboursement.<br \/>\nAUCUN REMBOURSEMENT NE SERA EFFECTU\u00c9 EN CAS DE CONDITIONS M\u00c9T\u00c9OROLOGIQUES D\u00c9FAVORABLES OU D&rsquo;AUTRES CIRCONSTANCES HORS DE NOTRE CONTR\u00d4LE.<br \/>\nLE D\u00c9P\u00d4T NE PEUT PAS \u00caTRE TRANSF\u00c9R\u00c9 \u00c0 D&rsquo;AUTRES DATES<\/p>\n<p>JURIDICTION<br \/>\nPour tout litige pouvant survenir relatif \u00e0 l&rsquo;interpr\u00e9tation, l&rsquo;ex\u00e9cution et\/ou la r\u00e9siliation des contrats de r\u00e9servation auxquels s&rsquo;appliquent les pr\u00e9sentes conditions dans lesquelles Dkamping Village est partie \u00e0 la proc\u00e9dure, le Tribunal de Var\u00e8se sera exclusivement comp\u00e9tent.<br \/>\nConfidentialit\u00e9:<br \/>\nINFORMATIONS EN VERTU DE L&rsquo;ART. 13 D\u00e9cret l\u00e9gislatif. 196\/2003<br \/>\nLes donn\u00e9es personnelles acquises seront utilis\u00e9es par la Structure et par l&rsquo;A.S.D. Dk Summer Club, \u00e9galement \u00e0 l&rsquo;aide de moyens \u00e9lectroniques et\/ou automatis\u00e9s, exclusivement pour remplir les obligations l\u00e9gales li\u00e9es \u00e0 l&rsquo;ex\u00e9cution des activit\u00e9s d&rsquo;accueil et de restauration de la Structure. Conform\u00e9ment \u00e0 l&rsquo;art. 13 D\u00e9cret l\u00e9gislatif 196\/2003, vous avez le droit d&rsquo;acc\u00e9der \u00e0 vos donn\u00e9es en demandant leur correction, int\u00e9gration et, le cas \u00e9ch\u00e9ant, annulation ou blocage.[\/vc_column_text][\/vc_column][\/vc_row]<\/p>\n<\/div>","protected":false},"excerpt":{"rendered":"<p>[vc_row][vc_column][vc_empty_space height=\u00a0\u00bb12px\u00a0\u00bb][vc_separator color=\u00a0\u00bbcustom\u00a0\u00bb border_width=\u00a0\u00bb3&Prime; accent_color=\u00a0\u00bb#009c70&Prime;][\/vc_column][\/vc_row][vc_row][vc_column][vc_column_text]La demande de disponibilit\u00e9 est sans engagement et ne prend pas la forme d&rsquo;un contrat ni pour le Client ni pour Dkaping Village. La confirmation de r\u00e9servation que Dkamping Village envoie au Client engage les deux parties et constitue l&rsquo;ex\u00e9cution du contrat de r\u00e9servation. La r\u00e9servation ne devient ferme pour Dkaping&hellip;<\/p>\n","protected":false},"author":2,"featured_media":0,"parent":0,"menu_order":0,"comment_status":"closed","ping_status":"closed","template":"","meta":[],"class_list":["post-3335","page","type-page","status-publish","hentry","description-off"],"_links":{"self":[{"href":"https:\/\/dkampingvillage.it\/fr\/wp-json\/wp\/v2\/pages\/3335","targetHints":{"allow":["GET"]}}],"collection":[{"href":"https:\/\/dkampingvillage.it\/fr\/wp-json\/wp\/v2\/pages"}],"about":[{"href":"https:\/\/dkampingvillage.it\/fr\/wp-json\/wp\/v2\/types\/page"}],"author":[{"embeddable":true,"href":"https:\/\/dkampingvillage.it\/fr\/wp-json\/wp\/v2\/users\/2"}],"replies":[{"embeddable":true,"href":"https:\/\/dkampingvillage.it\/fr\/wp-json\/wp\/v2\/comments?post=3335"}],"version-history":[{"count":4,"href":"https:\/\/dkampingvillage.it\/fr\/wp-json\/wp\/v2\/pages\/3335\/revisions"}],"predecessor-version":[{"id":4820,"href":"https:\/\/dkampingvillage.it\/fr\/wp-json\/wp\/v2\/pages\/3335\/revisions\/4820"}],"wp:attachment":[{"href":"https:\/\/dkampingvillage.it\/fr\/wp-json\/wp\/v2\/media?parent=3335"}],"curies":[{"name":"wp","href":"https:\/\/api.w.org\/{rel}","templated":true}]}}