{"id":3347,"date":"2018-03-09T15:25:59","date_gmt":"2018-03-09T14:25:59","guid":{"rendered":"http:\/\/internationalcampingispra.it\/fr\/?page_id=3347"},"modified":"2024-02-26T16:10:34","modified_gmt":"2024-02-26T15:10:34","slug":"village-lac-maggiore","status":"publish","type":"page","link":"https:\/\/dkampingvillage.it\/fr\/village-lac-maggiore\/","title":{"rendered":"Village sur le lac Majeur, mobil-home  \u00e0 Ispra, Village Lombardie"},"content":{"rendered":"<div class=\"wpb-content-wrapper\"><p>[vc_row][vc_column width=\u00a0\u00bb1\/2&Prime;]<div id=\"ultimate-heading-937369db91ee07c93\" class=\"uvc-heading ult-adjust-bottom-margin ultimate-heading-937369db91ee07c93 uvc-6748  uvc-heading-default-font-sizes\" data-hspacer=\"no_spacer\"  data-halign=\"left\" style=\"text-align:left\"><div class=\"uvc-heading-spacer no_spacer\" style=\"top\"><\/div><div class=\"uvc-sub-heading ult-responsive\"  data-ultimate-target='.uvc-heading.ultimate-heading-937369db91ee07c93 .uvc-sub-heading '  data-responsive-json-new='{\"font-size\":\"\",\"line-height\":\"\"}'  style=\"font-weight:normal;\"><\/p>\n<h4 style=\"text-align: left;\"><span style=\"color: #63acff;\">Maisons mobiles 4 places<\/span><\/h4>\n<p style=\"text-align: left;\"><strong><span style=\"color: #63acff;\">Zone de maison mobiles: <\/span><\/strong>20 m\u00b2<\/p>\n<p style=\"text-align: left;\"><span style=\"color: #63acff;\"><strong>Lits:<\/strong><\/span>1 chambre double, 1 chambre avec 2\/3 lits simples Deux-pi\u00e8ces avec kitchenette, salle de bains et un patio priv\u00e9<\/p>\n<p><\/div><\/div>[\/vc_column][vc_column width=\u00a0\u00bb1\/2&Prime;]<div class=\" ubtn-ctn-center \"><a class=\"ubtn-link ult-adjust-bottom-margin ubtn-center ubtn-normal \" href=\"http:\/\/dkampingvillage.it\/fr\/contacts\/\" ><button type=\"button\" id=\"ubtn-8130\"  class=\"ubtn ult-adjust-bottom-margin ult-responsive ubtn-normal ubtn-fade-bg  ulta-grow  ubtn-center   tooltip-69db91ee07ccc\"  data-hover=\"#ffffff\" data-border-color=\"#63acff\" data-bg=\"#63acff\" data-hover-bg=\"#009c70\" data-border-hover=\"#009c70\" data-shadow-hover=\"\" data-shadow-click=\"none\" data-shadow=\"\" data-shd-shadow=\"\"  data-ultimate-target='#ubtn-8130'  data-responsive-json-new='{\"font-size\":\"desktop:21px;\",\"line-height\":\"\"}'  style=\"font-weight:bold;border-radius:50px;border-width:1px;border-color:#63acff;border-style:solid;background: #63acff;color: #ffffff;\"><span class=\"ubtn-hover\" style=\"background-color:#009c70\"><\/span><span class=\"ubtn-data ubtn-text \" >Nous contacter<\/span><\/button><\/a><\/div><div class=\" ubtn-ctn-center \"><a class=\"ubtn-link ult-adjust-bottom-margin ubtn-center ubtn-normal \" href=\"https:\/\/bookingispra.cloudvillage.it\/index.cfm?lang=2\" target=\"_blank\" rel=\"noopener\" ><button type=\"button\" id=\"ubtn-2295\"  class=\"ubtn ult-adjust-bottom-margin ult-responsive ubtn-normal ubtn-fade-bg  ulta-grow  ubtn-center   tooltip-69db91ee07cfb\"  data-hover=\"#ffffff\" data-border-color=\"#63acff\" data-bg=\"#63acff\" data-hover-bg=\"#009c70\" data-border-hover=\"#009c70\" data-shadow-hover=\"\" data-shadow-click=\"none\" data-shadow=\"\" data-shd-shadow=\"\"  data-ultimate-target='#ubtn-2295'  data-responsive-json-new='{\"font-size\":\"desktop:21px;\",\"line-height\":\"\"}'  style=\"font-weight:bold;border-radius:50px;border-width:1px;border-color:#63acff;border-style:solid;background: #63acff;color: #ffffff;\"><span class=\"ubtn-hover\" style=\"background-color:#009c70\"><\/span><span class=\"ubtn-data ubtn-text \" >Book now<\/span><\/button><\/a><\/div>[\/vc_column][\/vc_row][vc_row][vc_column][vc_empty_space][vc_separator color=\u00a0\u00bbcustom\u00a0\u00bb border_width=\u00a0\u00bb3&Prime; accent_color=\u00a0\u00bb#009c70&Prime;]<div id=\"ultimate-heading-982869db91ee07d16\" class=\"uvc-heading ult-adjust-bottom-margin ultimate-heading-982869db91ee07d16 uvc-6465  uvc-heading-default-font-sizes\" data-hspacer=\"no_spacer\"  data-halign=\"center\" style=\"text-align:center\"><div class=\"uvc-heading-spacer no_spacer\" style=\"top\"><\/div><div class=\"uvc-sub-heading ult-responsive\"  data-ultimate-target='.uvc-heading.ultimate-heading-982869db91ee07d16 .uvc-sub-heading '  data-responsive-json-new='{\"font-size\":\"\",\"line-height\":\"\"}'  style=\"font-weight:normal;\"><\/p>\n<h5><span style=\"color: #009c70;\"><strong>Le prix comprend l&rsquo;h\u00e9bergement pour deux personnes,\u00a0draps, serviettes, climatisation, m\u00e9nage de fin de s\u00e9jour<br \/>\n<\/strong><\/span><\/h5>\n<p><\/div><\/div>[vc_empty_space]<div id=\"ultimate-heading-465569db91ee07d25\" class=\"uvc-heading ult-adjust-bottom-margin ultimate-heading-465569db91ee07d25 uvc-4643  uvc-heading-default-font-sizes\" data-hspacer=\"no_spacer\"  data-halign=\"center\" style=\"text-align:center\"><div class=\"uvc-heading-spacer no_spacer\" style=\"top\"><\/div><div class=\"uvc-sub-heading ult-responsive\"  data-ultimate-target='.uvc-heading.ultimate-heading-465569db91ee07d25 .uvc-sub-heading '  data-responsive-json-new='{\"font-size\":\"\",\"line-height\":\"\"}'  style=\"font-weight:normal;\">Le prix ne comprend pas : taxe de s\u00e9jour 0,75 \u20ac par personne et par jour.<\/p>\n<p><span style=\"color: #009c70;\"><strong>Les services de bungalows: <\/strong><\/span>terrasse, vues, cha\u00eenes satellite, t\u00e9l\u00e9vision \u00e0 \u00e9cran plat, bureau, coin salon, chauffage, entr\u00e9e priv\u00e9e, moustiquaire, douche, WC, salle de bain priv\u00e9e, ustensiles cuisine, r\u00e9frig\u00e9rateur, coin repas, cuisine.<\/div><\/div>[vc_empty_space][\/vc_column][\/vc_row][vc_row][vc_column width=\u00a0\u00bb1\/2&Prime;]<div id=\"ultimate-heading-620969db91ee07d32\" class=\"uvc-heading ult-adjust-bottom-margin ultimate-heading-620969db91ee07d32 uvc-7749  uvc-heading-default-font-sizes\" data-hspacer=\"no_spacer\"  data-halign=\"center\" style=\"text-align:center\"><div class=\"uvc-heading-spacer no_spacer\" style=\"top\"><\/div><div class=\"uvc-sub-heading ult-responsive\"  data-ultimate-target='.uvc-heading.ultimate-heading-620969db91ee07d32 .uvc-sub-heading '  data-responsive-json-new='{\"font-size\":\"\",\"line-height\":\"\"}'  style=\"font-weight:normal;\"><\/p>\n<p style=\"text-align: left;\"><span style=\"color: #009c70;\"><strong>Espaces ext\u00e9rieurs<\/strong><\/span><\/p>\n<ul style=\"text-align: left;\">\n<li>piscine ext\u00e9rieure (saisonni\u00e8re)<\/li>\n<li>barbecue<\/li>\n<li>patio<\/li>\n<li>terrasse<\/li>\n<li>beach volley<\/li>\n<\/ul>\n<p style=\"text-align: left;\"><span style=\"color: #009c70;\"><strong>Animaux<\/strong><\/span><\/p>\n<ul style=\"text-align: left;\">\n<li>Les animaux ne sont pas admis<\/li>\n<\/ul>\n<p style=\"text-align: left;\"><span style=\"color: #009c70;\"><strong>Activit\u00e9s<\/strong><\/span><\/p>\n<ul style=\"text-align: left;\">\n<li>installations de sports nautiques (sur place)<\/li>\n<li>\u00e9quipe d&rsquo;animation (juillet et ao\u00fbt)<\/li>\n<li>cyclisme<\/li>\n<li>randonn\u00e9e<\/li>\n<li>location de v\u00e9los (payant)<\/li>\n<li>cuve<\/li>\n<li>karaoke<\/li>\n<li>ping-pong<\/li>\n<li>terrain<\/li>\n<li>salle de jeux<\/li>\n<li>p\u00eache<\/li>\n<li>court de tennis<\/li>\n<\/ul>\n<p style=\"text-align: left;\"><span style=\"color: #009c70;\"><strong>Surface habitable<\/strong><\/span><\/p>\n<ul style=\"text-align: left;\">\n<li>salle \u00e0 manger<\/li>\n<li>espace de vie<\/li>\n<li>bureau<\/li>\n<\/ul>\n<p style=\"text-align: left;\"><span style=\"color: #009c70;\"><strong>Services de restauration<\/strong><\/span><\/p>\n<ul style=\"text-align: left;\">\n<li>restaurant (\u00e0 la carte)<\/li>\n<li>bar<\/li>\n<li>pizzeria<\/li>\n<\/ul>\n<p><\/div><\/div>[\/vc_column][vc_column width=\u00a0\u00bb1\/2&Prime;]<div id=\"ultimate-heading-605669db91ee07d52\" class=\"uvc-heading ult-adjust-bottom-margin ultimate-heading-605669db91ee07d52 uvc-6707  uvc-heading-default-font-sizes\" data-hspacer=\"no_spacer\"  data-halign=\"center\" style=\"text-align:center\"><div class=\"uvc-heading-spacer no_spacer\" style=\"top\"><\/div><div class=\"uvc-sub-heading ult-responsive\"  data-ultimate-target='.uvc-heading.ultimate-heading-605669db91ee07d52 .uvc-sub-heading '  data-responsive-json-new='{\"font-size\":\"\",\"line-height\":\"\"}'  style=\"font-weight:normal;\"><\/p>\n<p style=\"text-align: left;\"><span style=\"color: #009c70;\"><strong>M\u00e9dias et technologie<br \/>\n<\/strong><\/span><\/p>\n<ul style=\"text-align: left;\">\n<li>T\u00e9l\u00e9viseur \u00e0 \u00e9cran plat<\/li>\n<li>cha\u00eenes satellite<\/li>\n<\/ul>\n<p style=\"text-align: left;\"><span style=\"color: #009c70;\"><strong>Internet<\/strong><\/span><\/p>\n<ul style=\"text-align: left;\">\n<li>Connexion Internet disponible moyennant un suppl\u00e9ment<\/li>\n<\/ul>\n<p style=\"text-align: left;\"><span style=\"color: #009c70;\"><strong>Parking<\/strong><\/span><\/p>\n<ul style=\"text-align: left;\">\n<li><strong>Gratuit!<\/strong> Un parking public est disponible gratuitement sur place sans r\u00e9servation.<\/li>\n<\/ul>\n<p style=\"text-align: left;\"><span style=\"color: #009c70;\"><strong>Autres services<\/strong><\/span><\/p>\n<ul style=\"text-align: left;\">\n<li>service de conciergerie<br \/>\nFax \/ photocopies<\/li>\n<li>bureau d&rsquo;excursions<\/li>\n<\/ul>\n<p style=\"text-align: left;\"><span style=\"color: #009c70;\"><strong>Services g\u00e9n\u00e9raux<br \/>\n<\/strong><\/span><\/p>\n<ul style=\"text-align: left;\">\n<li>climatisation<\/li>\n<li>moustiquaires<\/li>\n<li>entr\u00e9e ind\u00e9pendante<\/li>\n<li>chauffage<\/li>\n<li>chambres non-fumeurs<\/li>\n<\/ul>\n<p style=\"text-align: left;\"><span style=\"color: #009c70;\"><strong>Langues parl\u00e9es<br \/>\n<\/strong><\/span><\/p>\n<ul style=\"text-align: left;\">\n<li>Italien<\/li>\n<li>Fran\u00e7ais<\/li>\n<li>Anglais<\/li>\n<\/ul>\n<p><\/div><\/div>[\/vc_column][\/vc_row][vc_row][vc_column width=\u00a0\u00bb1\/3&Prime;][\/vc_column][vc_column width=\u00a0\u00bb1\/3&Prime;][vc_empty_space]<div class=\" ubtn-ctn-center \"><a class=\"ubtn-link ult-adjust-bottom-margin ubtn-center ubtn-normal \" href=\"http:\/\/dkampingvillage.it\/fr\/termes-et-conditions-de-reservation\/\" ><button type=\"button\" id=\"ubtn-2951\"  class=\"ubtn ult-adjust-bottom-margin ult-responsive ubtn-normal ubtn-no-hover-bg  ulta-pop  ubtn-center   tooltip-69db91ee07d64\"  data-hover=\"#ffffff\" data-border-color=\"#63acff\" data-bg=\"#63acff\" data-hover-bg=\"#63acff\" data-border-hover=\"#009c70\" data-shadow-hover=\"\" data-shadow-click=\"none\" data-shadow=\"\" data-shd-shadow=\"\"  data-ultimate-target='#ubtn-2951'  data-responsive-json-new='{\"font-size\":\"desktop:17px;\",\"line-height\":\"\"}'  style=\"font-weight:bold;border-radius:50px;border-width:1px;border-color:#63acff;border-style:solid;background: #63acff;color: #ffffff;\"><span class=\"ubtn-hover\" style=\"background-color:#63acff\"><\/span><span class=\"ubtn-data ubtn-text \" >Termes et conditions<\/span><\/button><\/a><\/div>[\/vc_column][vc_column width=\u00a0\u00bb1\/3&Prime;][\/vc_column][\/vc_row][vc_row][vc_column][rev_slider_vc alias=\u00a0\u00bbbungalow2&Prime;][\/vc_column][\/vc_row]<\/p>\n<\/div>","protected":false},"excerpt":{"rendered":"<p>[vc_row][vc_column width=\u00a0\u00bb1\/2&Prime;][\/vc_column][vc_column width=\u00a0\u00bb1\/2&Prime;][\/vc_column][\/vc_row][vc_row][vc_column][vc_empty_space][vc_separator color=\u00a0\u00bbcustom\u00a0\u00bb border_width=\u00a0\u00bb3&Prime; accent_color=\u00a0\u00bb#009c70&Prime;][vc_empty_space][vc_empty_space][\/vc_column][\/vc_row][vc_row][vc_column width=\u00a0\u00bb1\/2&Prime;][\/vc_column][vc_column width=\u00a0\u00bb1\/2&Prime;][\/vc_column][\/vc_row][vc_row][vc_column width=\u00a0\u00bb1\/3&Prime;][\/vc_column][vc_column width=\u00a0\u00bb1\/3&Prime;][vc_empty_space][\/vc_column][vc_column width=\u00a0\u00bb1\/3&Prime;][\/vc_column][\/vc_row][vc_row][vc_column][rev_slider_vc alias=\u00a0\u00bbbungalow2&Prime;][\/vc_column][\/vc_row]<\/p>\n","protected":false},"author":2,"featured_media":0,"parent":0,"menu_order":0,"comment_status":"closed","ping_status":"closed","template":"","meta":[],"class_list":["post-3347","page","type-page","status-publish","hentry","description-off"],"_links":{"self":[{"href":"https:\/\/dkampingvillage.it\/fr\/wp-json\/wp\/v2\/pages\/3347","targetHints":{"allow":["GET"]}}],"collection":[{"href":"https:\/\/dkampingvillage.it\/fr\/wp-json\/wp\/v2\/pages"}],"about":[{"href":"https:\/\/dkampingvillage.it\/fr\/wp-json\/wp\/v2\/types\/page"}],"author":[{"embeddable":true,"href":"https:\/\/dkampingvillage.it\/fr\/wp-json\/wp\/v2\/users\/2"}],"replies":[{"embeddable":true,"href":"https:\/\/dkampingvillage.it\/fr\/wp-json\/wp\/v2\/comments?post=3347"}],"version-history":[{"count":20,"href":"https:\/\/dkampingvillage.it\/fr\/wp-json\/wp\/v2\/pages\/3347\/revisions"}],"predecessor-version":[{"id":4808,"href":"https:\/\/dkampingvillage.it\/fr\/wp-json\/wp\/v2\/pages\/3347\/revisions\/4808"}],"wp:attachment":[{"href":"https:\/\/dkampingvillage.it\/fr\/wp-json\/wp\/v2\/media?parent=3347"}],"curies":[{"name":"wp","href":"https:\/\/api.w.org\/{rel}","templated":true}]}}