{"id":3379,"date":"2018-03-09T18:06:00","date_gmt":"2018-03-09T17:06:00","guid":{"rendered":"http:\/\/internationalcampingispra.it\/fr\/?page_id=3379"},"modified":"2024-09-25T08:37:27","modified_gmt":"2024-09-25T07:37:27","slug":"galleria","status":"publish","type":"page","link":"https:\/\/dkampingvillage.it\/fr\/galleria\/","title":{"rendered":"Photos et Vid\u00e9os Camping \u00e0 Var\u00e8se, Camping lac Majeur, Lombardie"},"content":{"rendered":"<div class=\"wpb-content-wrapper\"><p>[vc_row type=\u00a0\u00bbvc_default\u00a0\u00bb bg_type=\u00a0\u00bbbg_color\u00a0\u00bb bg_override=\u00a0\u00bbfull\u00a0\u00bb bg_color_value=\u00a0\u00bb#63acff\u00a0\u00bb][vc_column][vc_empty_space]<div id=\"ultimate-heading-726769db91f46d0e7\" class=\"uvc-heading ult-adjust-bottom-margin ultimate-heading-726769db91f46d0e7 uvc-6535  uvc-heading-default-font-sizes\" data-hspacer=\"no_spacer\"  data-halign=\"center\" style=\"text-align:center\"><div class=\"uvc-heading-spacer no_spacer\" style=\"top\"><\/div><div class=\"uvc-main-heading ult-responsive\"  data-ultimate-target='.uvc-heading.ultimate-heading-726769db91f46d0e7 h2'  data-responsive-json-new='{\"font-size\":\"\",\"line-height\":\"\"}' ><h2 style=\"font-weight:bold;color:#ffffff;\">Galerie d'images<\/h2><\/div><\/div>[vc_empty_space height=\u00a0\u00bb64px\u00a0\u00bb][\/vc_column][\/vc_row][vc_row][vc_column][vc_empty_space][vc_tta_tabs style=\u00a0\u00bbflat\u00a0\u00bb shape=\u00a0\u00bbround\u00a0\u00bb color=\u00a0\u00bbsky\u00a0\u00bb active_section=\u00a0\u00bb1&Prime;][vc_tta_section title=\u00a0\u00bbCamping\u00a0\u00bb tab_id=\u00a0\u00bb1492111297936-7961e034-f91b\u00a0\u00bb][vc_masonry_media_grid style=\u00a0\u00bbload-more\u00a0\u00bb items_per_page=\u00a0\u00bb4&Prime; element_width=\u00a0\u00bb3&Prime; gap=\u00a0\u00bb4&Prime; item=\u00a0\u00bbmediaGrid_Default\u00a0\u00bb btn_color=\u00a0\u00bbwhite\u00a0\u00bb btn_i_icon_fontawesome=\u00a0\u00bbfa fa-hand-pointer-o\u00a0\u00bb btn_add_icon=\u00a0\u00bbtrue\u00a0\u00bb btn_custom_onclick=\u00a0\u00bbtrue\u00a0\u00bb btn_smooth_scroll=\u00a0\u00bbtrue\u00a0\u00bb grid_id=\u00a0\u00bbvc_gid:1727249752495-43468322-d87b-9&Prime; include=\u00a0\u00bb4835,4185,4186,4187,4493,4188,4189,4190,4191,4192,4193,3072,3073,3074,3075,3076,3077,3078,3079,4492&Prime;][\/vc_tta_section][vc_tta_section title=\u00a0\u00bbBungalow\u00a0\u00bb tab_id=\u00a0\u00bb1492111777729-e27d18b6-88b8&Prime;][vc_masonry_media_grid style=\u00a0\u00bbload-more\u00a0\u00bb items_per_page=\u00a0\u00bb4&Prime; element_width=\u00a0\u00bb3&Prime; gap=\u00a0\u00bb4&Prime; item=\u00a0\u00bbmediaGrid_Default\u00a0\u00bb btn_color=\u00a0\u00bbwhite\u00a0\u00bb btn_i_icon_fontawesome=\u00a0\u00bbfa fa-hand-pointer-o\u00a0\u00bb btn_add_icon=\u00a0\u00bbtrue\u00a0\u00bb btn_custom_onclick=\u00a0\u00bbtrue\u00a0\u00bb btn_smooth_scroll=\u00a0\u00bbtrue\u00a0\u00bb grid_id=\u00a0\u00bbvc_gid:1727249752496-2f87aa8f-4f7e-3&Prime; include=\u00a0\u00bb4212,4211,4213,4214,4215,4216,4218,4217,4219,4220,4221,4222,4223&Prime;][\/vc_tta_section][vc_tta_section title=\u00a0\u00bbAnimation\u00a0\u00bb tab_id=\u00a0\u00bb1492112582339-2c487aa2-6fbf\u00a0\u00bb][vc_masonry_media_grid style=\u00a0\u00bbload-more\u00a0\u00bb items_per_page=\u00a0\u00bb4&Prime; element_width=\u00a0\u00bb3&Prime; gap=\u00a0\u00bb4&Prime; item=\u00a0\u00bbmediaGrid_Default\u00a0\u00bb btn_color=\u00a0\u00bbwhite\u00a0\u00bb btn_i_icon_fontawesome=\u00a0\u00bbfa fa-hand-pointer-o\u00a0\u00bb btn_add_icon=\u00a0\u00bbtrue\u00a0\u00bb grid_id=\u00a0\u00bbvc_gid:1727249752496-f5851b73-c8d2-4&Prime; include=\u00a0\u00bb4235,4236,4237,4238,4239,4240,4241,4242,4243,4244,4245,4246,4247,4248,4249,4250&Prime;][\/vc_tta_section][vc_tta_section title=\u00a0\u00bbAssociation sportive\u00a0\u00bb tab_id=\u00a0\u00bb1492111298118-09bb73be-ce32&Prime;][vc_masonry_media_grid style=\u00a0\u00bbload-more\u00a0\u00bb items_per_page=\u00a0\u00bb4&Prime; element_width=\u00a0\u00bb3&Prime; gap=\u00a0\u00bb4&Prime; item=\u00a0\u00bbmediaGrid_Default\u00a0\u00bb btn_color=\u00a0\u00bbwhite\u00a0\u00bb btn_i_icon_fontawesome=\u00a0\u00bbfa fa-hand-pointer-o\u00a0\u00bb btn_add_icon=\u00a0\u00bbtrue\u00a0\u00bb btn_custom_onclick=\u00a0\u00bbtrue\u00a0\u00bb btn_smooth_scroll=\u00a0\u00bbtrue\u00a0\u00bb grid_id=\u00a0\u00bbvc_gid:1727249752496-72c2535f-3ed0-3&Prime; include=\u00a0\u00bb4225,4226,4227,4228,4229,4230,4231,4232,4233&Prime;][\/vc_tta_section][\/vc_tta_tabs][\/vc_column][\/vc_row][vc_row][vc_column][vc_empty_space][\/vc_column][\/vc_row][vc_row type=\u00a0\u00bbvc_default\u00a0\u00bb bg_type=\u00a0\u00bbbg_color\u00a0\u00bb bg_override=\u00a0\u00bbfull\u00a0\u00bb bg_color_value=\u00a0\u00bb#009c70&Prime;][vc_column][vc_empty_space]<div id=\"ultimate-heading-349269db91f46d10a\" class=\"uvc-heading ult-adjust-bottom-margin ultimate-heading-349269db91f46d10a uvc-5291  uvc-heading-default-font-sizes\" data-hspacer=\"no_spacer\"  data-halign=\"center\" style=\"text-align:center\"><div class=\"uvc-heading-spacer no_spacer\" style=\"top\"><\/div><div class=\"uvc-main-heading ult-responsive\"  data-ultimate-target='.uvc-heading.ultimate-heading-349269db91f46d10a h2'  data-responsive-json-new='{\"font-size\":\"\",\"line-height\":\"\"}' ><h2 style=\"font-weight:bold;color:#ffffff;\">Galerie vid\u00e9o<\/h2><\/div><\/div>[vc_empty_space][\/vc_column][\/vc_row][vc_row][vc_column][vc_empty_space][vc_raw_html]JTVCY3VzdG9tLWZhY2Vib29rLWZlZWQlMjBmZWVkJTNEOCU1RA==[\/vc_raw_html][\/vc_column][\/vc_row][vc_row][vc_column][vc_column_text]<br \/>\n[\/vc_column_text][\/vc_column][\/vc_row]<\/p>\n<\/div>","protected":false},"excerpt":{"rendered":"<p>[vc_row type=\u00a0\u00bbvc_default\u00a0\u00bb bg_type=\u00a0\u00bbbg_color\u00a0\u00bb bg_override=\u00a0\u00bbfull\u00a0\u00bb bg_color_value=\u00a0\u00bb#63acff\u00a0\u00bb][vc_column][vc_empty_space][vc_empty_space height=\u00a0\u00bb64px\u00a0\u00bb][\/vc_column][\/vc_row][vc_row][vc_column][vc_empty_space][vc_tta_tabs style=\u00a0\u00bbflat\u00a0\u00bb shape=\u00a0\u00bbround\u00a0\u00bb color=\u00a0\u00bbsky\u00a0\u00bb active_section=\u00a0\u00bb1&Prime;][vc_tta_section title=\u00a0\u00bbCamping\u00a0\u00bb tab_id=\u00a0\u00bb1492111297936-7961e034-f91b\u00a0\u00bb][vc_masonry_media_grid style=\u00a0\u00bbload-more\u00a0\u00bb items_per_page=\u00a0\u00bb4&Prime; element_width=\u00a0\u00bb3&Prime; gap=\u00a0\u00bb4&Prime; item=\u00a0\u00bbmediaGrid_Default\u00a0\u00bb btn_color=\u00a0\u00bbwhite\u00a0\u00bb btn_i_icon_fontawesome=\u00a0\u00bbfa fa-hand-pointer-o\u00a0\u00bb btn_add_icon=\u00a0\u00bbtrue\u00a0\u00bb btn_custom_onclick=\u00a0\u00bbtrue\u00a0\u00bb btn_smooth_scroll=\u00a0\u00bbtrue\u00a0\u00bb grid_id=\u00a0\u00bbvc_gid:1727249752495-43468322-d87b-9&Prime; include=\u00a0\u00bb4835,4185,4186,4187,4493,4188,4189,4190,4191,4192,4193,3072,3073,3074,3075,3076,3077,3078,3079,4492&Prime;][\/vc_tta_section][vc_tta_section title=\u00a0\u00bbBungalow\u00a0\u00bb tab_id=\u00a0\u00bb1492111777729-e27d18b6-88b8&Prime;][vc_masonry_media_grid style=\u00a0\u00bbload-more\u00a0\u00bb items_per_page=\u00a0\u00bb4&Prime; element_width=\u00a0\u00bb3&Prime; gap=\u00a0\u00bb4&Prime; item=\u00a0\u00bbmediaGrid_Default\u00a0\u00bb btn_color=\u00a0\u00bbwhite\u00a0\u00bb btn_i_icon_fontawesome=\u00a0\u00bbfa fa-hand-pointer-o\u00a0\u00bb btn_add_icon=\u00a0\u00bbtrue\u00a0\u00bb btn_custom_onclick=\u00a0\u00bbtrue\u00a0\u00bb btn_smooth_scroll=\u00a0\u00bbtrue\u00a0\u00bb grid_id=\u00a0\u00bbvc_gid:1727249752496-2f87aa8f-4f7e-3&Prime; include=\u00a0\u00bb4212,4211,4213,4214,4215,4216,4218,4217,4219,4220,4221,4222,4223&Prime;][\/vc_tta_section][vc_tta_section title=\u00a0\u00bbAnimation\u00a0\u00bb tab_id=\u00a0\u00bb1492112582339-2c487aa2-6fbf\u00a0\u00bb][vc_masonry_media_grid style=\u00a0\u00bbload-more\u00a0\u00bb items_per_page=\u00a0\u00bb4&Prime; element_width=\u00a0\u00bb3&Prime; gap=\u00a0\u00bb4&Prime; item=\u00a0\u00bbmediaGrid_Default\u00a0\u00bb btn_color=\u00a0\u00bbwhite\u00a0\u00bb btn_i_icon_fontawesome=\u00a0\u00bbfa fa-hand-pointer-o\u00a0\u00bb btn_add_icon=\u00a0\u00bbtrue\u00a0\u00bb grid_id=\u00a0\u00bbvc_gid:1727249752496-f5851b73-c8d2-4&Prime; include=\u00a0\u00bb4235,4236,4237,4238,4239,4240,4241,4242,4243,4244,4245,4246,4247,4248,4249,4250&Prime;][\/vc_tta_section][vc_tta_section title=\u00a0\u00bbAssociation sportive\u00a0\u00bb&hellip;<\/p>\n","protected":false},"author":2,"featured_media":0,"parent":0,"menu_order":0,"comment_status":"closed","ping_status":"closed","template":"","meta":[],"class_list":["post-3379","page","type-page","status-publish","hentry","description-off"],"_links":{"self":[{"href":"https:\/\/dkampingvillage.it\/fr\/wp-json\/wp\/v2\/pages\/3379","targetHints":{"allow":["GET"]}}],"collection":[{"href":"https:\/\/dkampingvillage.it\/fr\/wp-json\/wp\/v2\/pages"}],"about":[{"href":"https:\/\/dkampingvillage.it\/fr\/wp-json\/wp\/v2\/types\/page"}],"author":[{"embeddable":true,"href":"https:\/\/dkampingvillage.it\/fr\/wp-json\/wp\/v2\/users\/2"}],"replies":[{"embeddable":true,"href":"https:\/\/dkampingvillage.it\/fr\/wp-json\/wp\/v2\/comments?post=3379"}],"version-history":[{"count":11,"href":"https:\/\/dkampingvillage.it\/fr\/wp-json\/wp\/v2\/pages\/3379\/revisions"}],"predecessor-version":[{"id":4838,"href":"https:\/\/dkampingvillage.it\/fr\/wp-json\/wp\/v2\/pages\/3379\/revisions\/4838"}],"wp:attachment":[{"href":"https:\/\/dkampingvillage.it\/fr\/wp-json\/wp\/v2\/media?parent=3379"}],"curies":[{"name":"wp","href":"https:\/\/api.w.org\/{rel}","templated":true}]}}