{"id":3515,"date":"2018-03-14T12:11:22","date_gmt":"2018-03-14T11:11:22","guid":{"rendered":"http:\/\/internationalcampingispra.it\/fr\/?page_id=3515"},"modified":"2024-02-26T14:28:15","modified_gmt":"2024-02-26T13:28:15","slug":"camping-lac-maggiore-ispra","status":"publish","type":"page","link":"https:\/\/dkampingvillage.it\/fr\/camping-lac-maggiore-ispra\/","title":{"rendered":"Camping sur le lac Majeur, Camping \u00e0 Ispra, emplacements Lombardie"},"content":{"rendered":"<div class=\"wpb-content-wrapper\"><p>[vc_row][vc_column width=\u00a0\u00bb1\/2&Prime;]<div id=\"ultimate-heading-6269db91fbc342d\" class=\"uvc-heading ult-adjust-bottom-margin ultimate-heading-6269db91fbc342d uvc-592  uvc-heading-default-font-sizes\" data-hspacer=\"no_spacer\"  data-halign=\"center\" style=\"text-align:center\"><div class=\"uvc-heading-spacer no_spacer\" style=\"top\"><\/div><div class=\"uvc-sub-heading ult-responsive\"  data-ultimate-target='.uvc-heading.ultimate-heading-6269db91fbc342d .uvc-sub-heading '  data-responsive-json-new='{\"font-size\":\"\",\"line-height\":\"\"}'  style=\"font-weight:normal;\"><\/p>\n<h4 style=\"text-align: left;\"><strong><span style=\"color: #63acff;\">Emplacements de camping<\/span><\/strong><\/h4>\n<p style=\"text-align: left;\">Une quarantaine d&#8217;emplacements d\u00e9di\u00e9s au tourisme itin\u00e9rant, de diff\u00e9rentes tailles de 45 \u00e0 100 m2, afin de vous permettre d&rsquo;installer tout type et toute taille de tente, caravane ou camping-car. Tous les emplacements sont desservis par des colonnes de raccordement \u00e9lectrique, dans le respect des r\u00e8gles de s\u00e9curit\u00e9. Certains disposent \u00e9galement d&rsquo;un chargement et d&rsquo;un d\u00e9chargement d&rsquo;eau.<br \/>\nToutes les pelouses ou graviers conviennent parfaitement aussi bien pour monter des tentes que pour installer des camping-cars et des caravanes.<\/p>\n<p><\/div><\/div>[\/vc_column][vc_column width=\u00a0\u00bb1\/2&Prime;]<div class=\" ubtn-ctn-center \"><a class=\"ubtn-link ult-adjust-bottom-margin ubtn-center ubtn-normal \" href=\"http:\/\/dkampingvillage.it\/fr\/contacts\/\" ><button type=\"button\" id=\"ubtn-3556\"  class=\"ubtn ult-adjust-bottom-margin ult-responsive ubtn-normal ubtn-fade-bg  ulta-grow  ubtn-center   tooltip-69db91fbc3457\"  data-hover=\"#ffffff\" data-border-color=\"#63acff\" data-bg=\"#63acff\" data-hover-bg=\"#63acff\" data-border-hover=\"#009c70\" data-shadow-hover=\"\" data-shadow-click=\"none\" data-shadow=\"\" data-shd-shadow=\"\"  data-ultimate-target='#ubtn-3556'  data-responsive-json-new='{\"font-size\":\"desktop:21px;\",\"line-height\":\"\"}'  style=\"font-weight:bold;border-radius:50px;border-width:1px;border-color:#63acff;border-style:solid;background: #63acff;color: #ffffff;\"><span class=\"ubtn-hover\" style=\"background-color:#63acff\"><\/span><span class=\"ubtn-data ubtn-text \" >Nous contacter<\/span><\/button><\/a><\/div><div class=\" ubtn-ctn-center \"><a class=\"ubtn-link ult-adjust-bottom-margin ubtn-center ubtn-normal \" href=\"https:\/\/bookingispra.cloudvillage.it\/index.cfm?lang=2\" target=\"_blank\" rel=\"noopener\" ><button type=\"button\" id=\"ubtn-6981\"  class=\"ubtn ult-adjust-bottom-margin ult-responsive ubtn-normal ubtn-fade-bg  ulta-grow  ubtn-center   tooltip-69db91fbc348f\"  data-hover=\"#ffffff\" data-border-color=\"#63acff\" data-bg=\"#63acff\" data-hover-bg=\"#63acff\" data-border-hover=\"#009c70\" data-shadow-hover=\"\" data-shadow-click=\"none\" data-shadow=\"\" data-shd-shadow=\"\"  data-ultimate-target='#ubtn-6981'  data-responsive-json-new='{\"font-size\":\"desktop:21px;\",\"line-height\":\"\"}'  style=\"font-weight:bold;border-radius:50px;border-width:1px;border-color:#63acff;border-style:solid;background: #63acff;color: #ffffff;\"><span class=\"ubtn-hover\" style=\"background-color:#63acff\"><\/span><span class=\"ubtn-data ubtn-text \" >Book now<\/span><\/button><\/a><\/div>[\/vc_column][\/vc_row][vc_row][vc_column][vc_empty_space][vc_separator color=\u00a0\u00bbcustom\u00a0\u00bb border_width=\u00a0\u00bb3&Prime; accent_color=\u00a0\u00bb#009c70&Prime;][vc_row_inner][vc_column_inner]<div id=\"ultimate-heading-389969db91fbc34aa\" class=\"uvc-heading ult-adjust-bottom-margin ultimate-heading-389969db91fbc34aa uvc-6113  uvc-heading-default-font-sizes\" data-hspacer=\"no_spacer\"  data-halign=\"center\" style=\"text-align:center\"><div class=\"uvc-heading-spacer no_spacer\" style=\"top\"><\/div><div class=\"uvc-sub-heading ult-responsive\"  data-ultimate-target='.uvc-heading.ultimate-heading-389969db91fbc34aa .uvc-sub-heading '  data-responsive-json-new='{\"font-size\":\"\",\"line-height\":\"\"}'  style=\"font-weight:normal;\"><\/p>\n<h5 style=\"text-align: center;\"><strong><span style=\"color: #009c70;\">Emplacements de camping<\/span><\/strong><\/h5>\n<p><\/div><\/div>[vc_empty_space][\/vc_column_inner][\/vc_row_inner][\/vc_column][\/vc_row][vc_row][vc_column width=\u00a0\u00bb1\/2&Prime;]<div id=\"ultimate-heading-664869db91fbc34c3\" class=\"uvc-heading ult-adjust-bottom-margin ultimate-heading-664869db91fbc34c3 uvc-4137  uvc-heading-default-font-sizes\" data-hspacer=\"no_spacer\"  data-halign=\"center\" style=\"text-align:center\"><div class=\"uvc-heading-spacer no_spacer\" style=\"top\"><\/div><div class=\"uvc-sub-heading ult-responsive\"  data-ultimate-target='.uvc-heading.ultimate-heading-664869db91fbc34c3 .uvc-sub-heading '  data-responsive-json-new='{\"font-size\":\"\",\"line-height\":\"\"}'  style=\"font-weight:normal;\"><\/p>\n<p style=\"text-align: left;\"><span style=\"color: #009c70;\"><strong>Spazi all&rsquo;aperto<\/strong><\/span><\/p>\n<ul style=\"text-align: left;\">\n<li style=\"text-align: left;\">piscina all&rsquo;aperto (stagionale)<\/li>\n<li style=\"text-align: left;\">barbecue<\/li>\n<li style=\"text-align: left;\">campi da beach volley<\/li>\n<\/ul>\n<p style=\"text-align: left;\"><span style=\"color: #009c70;\"><strong>Animali<\/strong><\/span><\/p>\n<ul style=\"text-align: left;\">\n<li>Animali ammessi. Potrebbe essere richiesto un supplemento.<\/li>\n<\/ul>\n<p style=\"text-align: left;\"><span style=\"color: #009c70;\"><strong>Attivit\u00e0<\/strong><\/span><\/p>\n<ul style=\"text-align: left;\">\n<li>attrezzature per sport acquatici (in loco)<\/li>\n<li>staff di animazione ( luglio e agosto)<\/li>\n<li>escursioni in bicicletta<\/li>\n<li>escursionismo<\/li>\n<li>noleggio biciclette (a pagamento)<\/li>\n<li>vasca idromassaggio\/jacuzzi<\/li>\n<li>karaoke<\/li>\n<li>ping-pong<\/li>\n<li>area giochi<\/li>\n<li>sala giochi<\/li>\n<li>pesca<\/li>\n<li>campo da tennis<\/li>\n<\/ul>\n<p><\/div><\/div>[\/vc_column][vc_column width=\u00a0\u00bb1\/2&Prime;]<div id=\"ultimate-heading-994769db91fbc34d0\" class=\"uvc-heading ult-adjust-bottom-margin ultimate-heading-994769db91fbc34d0 uvc-7645  uvc-heading-default-font-sizes\" data-hspacer=\"no_spacer\"  data-halign=\"center\" style=\"text-align:center\"><div class=\"uvc-heading-spacer no_spacer\" style=\"top\"><\/div><div class=\"uvc-sub-heading ult-responsive\"  data-ultimate-target='.uvc-heading.ultimate-heading-994769db91fbc34d0 .uvc-sub-heading '  data-responsive-json-new='{\"font-size\":\"\",\"line-height\":\"\"}'  style=\"font-weight:normal;\"><\/p>\n<p style=\"text-align: left;\"><span style=\"color: #009c70;\"><strong>Restaurants et services<\/strong><\/span><\/p>\n<ul style=\"text-align: left;\">\n<li style=\"text-align: left;\">menus pour r\u00e9gimes sp\u00e9ciaux (sur demande)<\/li>\n<li style=\"text-align: left;\">Restaurant (\u00e0 la carte)<\/li>\n<li style=\"text-align: left;\">caf\u00e9<\/li>\n<li style=\"text-align: left;\">pizzeria<\/li>\n<\/ul>\n<p style=\"text-align: left;\"><span style=\"color: #009c70;\"><strong>Internet<\/strong><\/span><\/p>\n<ul style=\"text-align: left;\">\n<li>Connexion Internet disponible moyennant un suppl\u00e9ment<\/li>\n<\/ul>\n<p style=\"text-align: left;\"><span style=\"color: #009c70;\"><strong>Parking<\/strong><\/span><\/p>\n<ul style=\"text-align: left;\">\n<li><strong>Gratuit!<\/strong> Un parking public gratuit est disponible dans tout l&rsquo;h\u00f4tel.<\/li>\n<\/ul>\n<p style=\"text-align: left;\"><span style=\"color: #009c70;\"><strong>Autres services<\/strong><\/span><\/p>\n<ul style=\"text-align: left;\">\n<li>\u00a0Service de concierge<\/li>\n<li>fax \/ photocopies<\/li>\n<li>\u00a0Bureau d&rsquo;excursions<\/li>\n<\/ul>\n<p style=\"text-align: left;\"><span style=\"color: #009c70;\"><strong>Langues parl\u00e9es<\/strong><\/span><\/p>\n<ul style=\"text-align: left;\">\n<li>italien<\/li>\n<li>fran\u00e7ais<\/li>\n<li>\u00a0Anglais<\/li>\n<\/ul>\n<p><\/div><\/div>[\/vc_column][\/vc_row][vc_row][vc_column width=\u00a0\u00bb1\/3&Prime;][\/vc_column][vc_column width=\u00a0\u00bb1\/3&Prime;][vc_empty_space]<div class=\" ubtn-ctn-center \"><a class=\"ubtn-link ult-adjust-bottom-margin ubtn-center ubtn-normal \" href=\"http:\/\/dkampingvillage.it\/fr\/termes-et-conditions-de-reservation\/\" ><button type=\"button\" id=\"ubtn-4214\"  class=\"ubtn ult-adjust-bottom-margin ult-responsive ubtn-normal ubtn-fade-bg  ulta-grow  ubtn-center   tooltip-69db91fbc34df\"  data-hover=\"#ffffff\" data-border-color=\"#63acff\" data-bg=\"#63acff\" data-hover-bg=\"#63acff\" data-border-hover=\"#009c70\" data-shadow-hover=\"\" data-shadow-click=\"none\" data-shadow=\"\" data-shd-shadow=\"\"  data-ultimate-target='#ubtn-4214'  data-responsive-json-new='{\"font-size\":\"desktop:17px;\",\"line-height\":\"\"}'  style=\"font-weight:bold;border-radius:50px;border-width:1px;border-color:#63acff;border-style:solid;background: #63acff;color: #ffffff;\"><span class=\"ubtn-hover\" style=\"background-color:#63acff\"><\/span><span class=\"ubtn-data ubtn-text \" >Terms et conditions<\/span><\/button><\/a><\/div>[\/vc_column][vc_column width=\u00a0\u00bb1\/3&Prime;][\/vc_column][\/vc_row][vc_row][vc_column][\/vc_column][\/vc_row]<\/p>\n<\/div>","protected":false},"excerpt":{"rendered":"<p>[vc_row][vc_column width=\u00a0\u00bb1\/2&Prime;][\/vc_column][vc_column width=\u00a0\u00bb1\/2&Prime;][\/vc_column][\/vc_row][vc_row][vc_column][vc_empty_space][vc_separator color=\u00a0\u00bbcustom\u00a0\u00bb border_width=\u00a0\u00bb3&Prime; accent_color=\u00a0\u00bb#009c70&Prime;][vc_row_inner][vc_column_inner][vc_empty_space][\/vc_column_inner][\/vc_row_inner][\/vc_column][\/vc_row][vc_row][vc_column width=\u00a0\u00bb1\/2&Prime;][\/vc_column][vc_column width=\u00a0\u00bb1\/2&Prime;][\/vc_column][\/vc_row][vc_row][vc_column width=\u00a0\u00bb1\/3&Prime;][\/vc_column][vc_column width=\u00a0\u00bb1\/3&Prime;][vc_empty_space][\/vc_column][vc_column width=\u00a0\u00bb1\/3&Prime;][\/vc_column][\/vc_row][vc_row][vc_column][\/vc_column][\/vc_row]<\/p>\n","protected":false},"author":2,"featured_media":0,"parent":0,"menu_order":0,"comment_status":"closed","ping_status":"closed","template":"","meta":[],"class_list":["post-3515","page","type-page","status-publish","hentry","description-off"],"_links":{"self":[{"href":"https:\/\/dkampingvillage.it\/fr\/wp-json\/wp\/v2\/pages\/3515","targetHints":{"allow":["GET"]}}],"collection":[{"href":"https:\/\/dkampingvillage.it\/fr\/wp-json\/wp\/v2\/pages"}],"about":[{"href":"https:\/\/dkampingvillage.it\/fr\/wp-json\/wp\/v2\/types\/page"}],"author":[{"embeddable":true,"href":"https:\/\/dkampingvillage.it\/fr\/wp-json\/wp\/v2\/users\/2"}],"replies":[{"embeddable":true,"href":"https:\/\/dkampingvillage.it\/fr\/wp-json\/wp\/v2\/comments?post=3515"}],"version-history":[{"count":9,"href":"https:\/\/dkampingvillage.it\/fr\/wp-json\/wp\/v2\/pages\/3515\/revisions"}],"predecessor-version":[{"id":4784,"href":"https:\/\/dkampingvillage.it\/fr\/wp-json\/wp\/v2\/pages\/3515\/revisions\/4784"}],"wp:attachment":[{"href":"https:\/\/dkampingvillage.it\/fr\/wp-json\/wp\/v2\/media?parent=3515"}],"curies":[{"name":"wp","href":"https:\/\/api.w.org\/{rel}","templated":true}]}}