{"id":1188,"date":"2016-11-29T16:14:58","date_gmt":"2016-11-29T15:14:58","guid":{"rendered":"http:\/\/internationalcampingispra.it\/?page_id=1188"},"modified":"2026-01-23T11:09:20","modified_gmt":"2026-01-23T10:09:20","slug":"privacy-policy","status":"publish","type":"page","link":"https:\/\/dkampingvillage.it\/it\/privacy-policy\/","title":{"rendered":"Privacy Policy"},"content":{"rendered":"<div class=\"wpb-content-wrapper\"><p>[vc_row][vc_column][vc_column_text]<\/p>\n<p align=\"CENTER\"><span style=\"color: #000000;\"><span style=\"font-family: Open Sans, serif;\"><span style=\"font-size: x-large;\"><b>Informativa ai sensi dell&#8217;art. 13 del D.lgs. n. 196\/2003<\/b><\/span><\/span><\/span><\/p>\n<p align=\"CENTER\"><span style=\"color: #000000;\"><span style=\"font-family: Open Sans, serif;\"><span style=\"font-size: large;\"><b>Codice in materia di protezione dei dati personali<\/b><\/span><\/span><\/span><\/p>\n<p><span style=\"color: #000000;\"><span style=\"font-family: Open Sans, serif;\"><span style=\"font-size: medium;\">(pubblicato sulla Gazzetta Ufficiale del 29 luglio 2003, Serie generale n. 174, Supplemento ordinario n. 123\/L\u00a0<\/span><\/span><\/span><a href=\"https:\/\/www.garanteprivacy.it\/web\/guest\/home\/docweb\/-\/docweb-display\/export\/1311248\"><span style=\"color: #30b3b1;\"><span style=\"font-family: Open Sans, serif;\"><span style=\"font-size: medium;\">https:\/\/www.garanteprivacy.it\/web\/guest\/home\/docweb\/-\/docweb-display\/export\/1311248<\/span><\/span><\/span><\/a><span style=\"color: #000000;\"><span style=\"font-family: Open Sans, serif;\"><span style=\"font-size: medium;\">).<\/span><\/span><\/span><\/p>\n<p><span style=\"color: #000000;\"><span style=\"font-family: Open Sans, serif;\"><span style=\"font-size: medium;\">a) La legge in oggetto regola la riservatezza dei dati personali (c.d. Informativa) ed impone una serie di obblighi in capo a chi &#8220;tratta\u201d informazioni riferite ad altri soggetti. L\u2019informativa \u00e8 resa per il solo Sito e non anche per altri siti web eventualmente consultati dall\u2019Utente tramite i link.<\/span><\/span><\/span><\/p>\n<p>b) La norma in questione intende come &#8220;trattamento\u201d dei dati ,&#8221;qualunque operazione o complesso di operazioni, effettuati anche senza l\u2019ausilio di strumenti elettronici, concernenti la tenuta di database, redazione di schede contabili e non, compilazione di modelli di dichiarazione dei sostituti di imposta limitatamente ai quadri non relativi ai lavoratori dipendenti ed eventualmente ai quadri di lavoratori, la raccolta, la registrazione, l\u2019organizzazione, la conservazione, la consultazione, l\u2019elaborazione, la modificazione, la selezione, l\u2019estrazione, il raffronto, l\u2019utilizzo, l\u2019interconnessione, il blocco, la comunicazione, la diffusione, la cancellazione e la distruzione di dati, anche se non registrati in una banca di dati, compreso password di sistema e protezioni imposte e ad ogni altra pratica espressamente prevista dalla attivit\u00e0 svolta dalla nostra Societ\u00e0.\u201d.<\/p>\n<p>c) In relazione alle sotto elencate posizioni in cui potete trovarVi nel rapportarVi con la nostra Societ\u00e0, Vi informiamo che i Vostri dati sono indispensabili, per dar corso alle normali operazioni tipiche inerenti i suddetti rapporti e pertanto il conferimento dei dati stessi si configura con natura di obbligatoriet\u00e0.<\/p>\n<p>d) L&#8217;eventuale rifiuto al conferimento dei dati implica l&#8217;impossibilit\u00e0 a dar corso a quanto elencato al punto c).<\/p>\n<p>e) Tutti i dati richiesti sono obbligatori. In occasione del trattamento potremo venire a conoscenza di dati che il Codice sulla Privacy definisce &#8220;sensibili&#8221;, in quanto idonei a rilevare stato di salute, adesione a sindacati, convinzioni religiose e filosofiche. Per tutte le ragioni sopraesposte richiediamo di esprimere per iscritto il consenso al trattamento.<\/p>\n<p><span style=\"color: #000000;\"><span style=\"font-family: Open Sans, serif;\"><span style=\"font-size: large;\"><b>1. Finalit\u00e0 del trattamento<\/b><\/span><\/span><\/span><\/p>\n<p><span style=\"color: #000000;\"><span style=\"font-family: Open Sans, serif;\"><span style=\"font-size: medium;\">I dati personali dall&#8217;Utente volontariamente messi a disposizione di DK WORLD SRL verranno raccolti ed utilizzati per: &#8211; contattare l&#8217;Utente che lo abbia richiesto, inserendo a tal fine i propri dati in questa sezione del Sito, per la presentazione di prodotti, offerte ed altro da parte di International DK WORLD SRL e della rete collegata a International DK WORLD SRL. nel mondo e\/o di soggetti che collaborino in attivit\u00e0 commerciali di DK WORLD SRL e\/o da Societ\u00e0 e\/o collegate di DK WORLD SRL, anche mediante invio di comunicazioni informative e promozionali, anche di natura commerciale, di materiale pubblicitario e\/o di offerte di beni e di servizi, a mezzo posta, internet, telefono, E-mail, MMS, SMS dall&#8217;Italia o dall&#8217;estero;<br \/>\n&#8211; l&#8217;invio della\/e newsletter\/s richiesta\/e dall&#8217;Utente;<br \/>\n&#8211; l&#8217;elaborazione di studi e ricerche statistiche e di mercato.<\/span><\/span><\/span><\/p>\n<p><span style=\"color: #000000;\"><span style=\"font-family: Open Sans, serif;\"><span style=\"font-size: large;\"><b>2. Tipi di dati trattati<\/b><\/span><\/span><\/span><\/p>\n<p><span style=\"color: #000000;\"><span style=\"font-family: Open Sans, serif;\"><span style=\"font-size: medium;\">&#8211; Dati di navigazione<\/span><\/span><\/span><\/p>\n<p><span style=\"color: #000000;\"><span style=\"font-family: Open Sans, serif;\"><span style=\"font-size: medium;\">I sistemi informatici e le procedure software preposte al funzionamento del Sito acquisiscono, nel corso del loro normale esercizio, alcuni dati personali la cui trasmissione \u00e8 implicita nell&#8217;uso dei protocolli di comunicazione in Internet. Si tratta di informazioni che non sono raccolte per essere associate ad interessati identificati, ma che per loro stessa natura potrebbero, attraverso elaborazioni ed associazioni con dati detenuti da terzi, permettere di identificare gli Utenti. In questa categoria di dati rientrano: gli indirizzi IP o i nomi a dominio dei computer utilizzati dagli Utenti che si connettono al Sito, gli indirizzi in notazione URI (Uniform Resource Identifier) delle risorse richieste, l&#8217;orario della richiesta, il metodo utilizzato nel sottoporre la richiesta al server, la dimensione del file ottenuto in risposta, il codice numerico indicante lo stato della risposta data dal server (buon fine, errore, ed altro) ed ulteriori parametri relativi al sistema operativo e all&#8217;ambiente informatico dell&#8217;Utente. Questi dati vengono utilizzati al solo fine di ricavare informazioni statistiche anonime sull&#8217;uso del Sito e per controllarne il corretto funzionamento e vengono cancellati immediatamente dopo l&#8217;elaborazione. I dati potrebbero essere utilizzati per l&#8217;accertamento di responsabilit\u00e0 in caso di ipotetici reati informatici ai danni del Sito: salva questa eventualit\u00e0, allo stato i dati sui contatti web non sono conservati per pi\u00f9 di sette giorni.<\/span><\/span><\/span><\/p>\n<p>&#8211; Dati forniti volontariamente dall&#8217;Utente L&#8217;invio facoltativo, esplicito e volontario di posta elettronica agli indirizzi indicati su questo Sito comporta la successiva acquisizione dell&#8217;indirizzo del mittente, necessario per rispondere alle richieste, nonch\u00e9 degli eventuali altri dati personali inseriti nella comunicazione. I dati saranno trattati principalmente con strumenti elettronici ed informatici e memorizzati sia su supporti informatici sia su supporti cartacei che su ogni altro tipo di supporto idoneo, ai quali possono accedere solo il personale incaricato, nel rispetto delle misure minime di sicurezza ai sensi del Disciplinare Tecnico in materia di misure minime di sicurezza, Allegato B del Codice della Privacy.<\/p>\n<p><span style=\"color: #000000;\"><span style=\"font-family: Open Sans, serif;\"><span style=\"font-size: large;\"><b>3. Informazione sull&#8217;indirizzamento IP e sull&#8217;uso dei Cookies<\/b><\/span><\/span><\/span><\/p>\n<p><span style=\"color: #000000;\"><span style=\"font-family: Open Sans, serif;\"><span style=\"font-size: medium;\">Si informa l&#8217;Utente che il Sito utilizza le tecnologie di tracciamento degli indirizzi IP e dei Cookies a scopo di segnalare le visite effettuate al proprio sito, in particolare:<\/span><\/span><\/span><\/p>\n<p>a)\u00a0<span style=\"color: #000000;\"><span style=\"font-family: Open Sans, serif;\"><span style=\"font-size: medium;\"><b>indirizzi IP:<\/b><\/span><\/span><\/span><span style=\"color: #000000;\"><span style=\"font-family: Open Sans, serif;\"><span style=\"font-size: medium;\"><br \/>\nraccolta degli indirizzi di tutti i visitatori che accedono al Sito. I dati conseguiti sono utilizzati per la gestione, delle operazioni tecnico amministrative della nostra Azienda, le diagnosi di eventuali problemi tecnici e la prevenzione di intrusione e abuso del servizio.<\/span><\/span><\/span><\/p>\n<p>b)\u00a0<span style=\"color: #000000;\"><span style=\"font-family: Open Sans, serif;\"><span style=\"font-size: medium;\"><b>cookies:<\/b><\/span><\/span><\/span><span style=\"color: #000000;\"><span style=\"font-family: Open Sans, serif;\"><span style=\"font-size: medium;\"><br \/>\nsono informazioni che potrebbero essere registrate dal browser sul disco rigido dell&#8217;Utente al fine di tracciarne i percorsi sul Sito, con la conseguenza che ogniqualvolta l&#8217;Utente effettui ulteriori visite, potr\u00e0 essere previamente individuato, insieme alle eventuali preferenze da questi manifestate in una precedente visita. Questi file permettono di personalizzare un Sito internet, di fornire all&#8217;Utente una navigazione pi\u00f9 agevole e, attraverso una verifica quantitativa degli accessi alle varie pagine web, una migliore presentazione delle informazioni pi\u00f9 richieste. I cookies utilizzati si servono di informazioni anonime e, pertanto, non consentono il trattamento di dati relativi alla persona. Peraltro, i cookies potranno essere utilizzati per memorizzare i dati di login dell&#8217;Utente e rendere pertanto automatico il riconoscimento dell&#8217;Utente (e quindi superflua la procedura di inserimento username e password). La maggior parte dei browsers attualmente in uso accetta automaticamente i cookies, ma l&#8217;Utente conserva la facolt\u00e0 di configurare il proprio browser in maniera tale da escludere, visualizzare prima di accettare e cancellare i cookies. Sar\u00e0, peraltro, sempre possibile richiedere la disattivazione dei cookies, modificando le impostazioni del browser, ma tale disattivazione potr\u00e0 rallentare od impedire l&#8217;accesso ad alcune parti del Sito. In ogni caso oltre ai dati di navigazione sopraindicati non verranno raccolti altri dati personali, fatti ovviamente salvi quelli che saranno volontariamente forniti. Il trattamento dei dati personali dell&#8217;Utente verr\u00e0 effettuato mediante idonei strumenti elettronici e\/o cartacei, con logiche strettamente correlate alle finalit\u00e0 di cui sopra e, comunque, in modo tale da garantire la sicurezza e riservatezza dei dati stessi.<\/span><\/span><\/span><\/p>\n<p><span style=\"color: #000000;\"><span style=\"font-family: Open Sans, serif;\"><span style=\"font-size: medium;\">Questo sito utilizza anche\u00a0<\/span><\/span><\/span><span style=\"color: #000000;\"><span style=\"font-family: Open Sans, serif;\"><span style=\"font-size: medium;\"><b>cookie di terze parti<\/b><\/span><\/span><\/span><span style=\"color: #000000;\"><span style=\"font-family: Open Sans, serif;\"><span style=\"font-size: medium;\">, creati e soggetti a domini esterni, al fine di raccogliere informazioni sulle tue attivit\u00e0.<br \/>\nPer esempio se hai interagito con il pulsante \u201cMi piace\u201d di Facebook, il tuo browser invia informazioni su questi cookie al social network. Questi cookie vengono utilizzati dai Social Network per offrirti un&#8217;esperienza personalizzata sul nostro sito, per mantenere e migliorare il servizio e per proteggere sia te che il sito da attivit\u00e0 dannose.<br \/>\nIn particolare:<\/span><\/span><\/span><\/p>\n<ul>\n<li><span style=\"color: #717171;\"><span style=\"font-family: Open Sans, serif;\"><span style=\"font-size: medium;\">Facebook:\u00a0<\/span><\/span><\/span><a href=\"https:\/\/www.facebook.com\/help\/cookies\/\"><span style=\"color: #30b3b1;\"><span style=\"font-family: Open Sans, serif;\"><span style=\"font-size: medium;\">www.facebook.com\/help\/cookies<\/span><\/span><\/span><\/a><\/li>\n<li><span style=\"color: #717171;\"><span style=\"font-family: Open Sans, serif;\"><span style=\"font-size: medium;\">Servizi Google:\u00a0<\/span><\/span><\/span><a href=\"https:\/\/www.google.com\/intl\/it\/policies\/privacy\/\"><span style=\"color: #30b3b1;\"><span style=\"font-family: Open Sans, serif;\"><span style=\"font-size: medium;\">www.google.com\/intl\/it\/policies\/privacy<\/span><\/span><\/span><\/a><\/li>\n<\/ul>\n<p><span style=\"color: #000000;\"><span style=\"font-family: Open Sans, serif;\"><span style=\"font-size: large;\"><b>4. Conferimento dei dati e conseguenze di un eventuale rifiuto<\/b><\/span><\/span><\/span><\/p>\n<p><span style=\"color: #000000;\"><span style=\"font-family: Open Sans, serif;\"><span style=\"font-size: medium;\">Il conferimento dei dati personali \u00e8 facoltativo; tuttavia, un eventuale rifiuto e\/o il conferimento di informazioni inesatte e\/o incomplete render\u00e0 impossibile l&#8217;invio di newsletter o di comunicazioni informative e promozionali, anche di natura commerciale o per la partecipazione dell&#8217;Utente alla elaborazione di studi e ricerche statistiche e di mercato.<\/span><\/span><\/span><\/p>\n<p><span style=\"color: #000000;\"><span style=\"font-family: Open Sans, serif;\"><span style=\"font-size: large;\"><b>5. Comunicazione dei dati<\/b><\/span><\/span><\/span><\/p>\n<p><span style=\"color: #000000;\"><span style=\"font-family: Open Sans, serif;\"><span style=\"font-size: medium;\">I dati personali forniti dell&#8217;Utente possono essere oggetto di comunicazione e\/o diffusione per dar corso a rapporti contrattuali in essere con la nostra Societ\u00e0, per finalit\u00e0 ad essi connesse, per finalit\u00e0 inerenti l&#8217;esposizione di referenze, per attivit\u00e0 commerciali e promozionali dei prodotti della nostra Societ\u00e0.<\/span><\/span><\/span><\/p>\n<p><span style=\"color: #000000;\"><span style=\"font-family: Open Sans, serif;\"><span style=\"font-size: medium;\"><b>I dati in questione saranno trattati:<\/b><\/span><\/span><\/span><span style=\"color: #000000;\"><span style=\"font-family: Open Sans, serif;\"><span style=\"font-size: medium;\"><br \/>\n&#8211; su supporti cartaceo ed elettronico di qualsiasi tipo;<br \/>\n&#8211; da soggetti autorizzati, costantemente identificati, opportunamente istruiti e resi edotti dei vincoli imposti dalle leggi vigenti;<br \/>\n&#8211; con l&#8217;impegno di tenere prontamente aggiornati i dati, eliminando quelli obsoleti, non necessari o non pertinenti;<br \/>\n&#8211; con l&#8217;impegno di adottare le misure organizzative e di sicurezza previste dalla legge, atte a garantire la riservatezza del soggetto interessato e ad evitare l&#8217;indebito accesso di soggetti terzi o di persone non autorizzate.<\/span><\/span><\/span><\/p>\n<p>I dati personali dell&#8217;Utente potranno, inoltre, essere comunicati ad eventuali soggetti qualificati che forniscano a DK WORLD SRL prestazioni o servizi strumentali alle finalit\u00e0 sopra indicate all&#8217;articolo 1 della presente informativa, ivi compresi i soggetti e le societ\u00e0 che gestiscono e\/o partecipano alla gestione e\/o alla manutenzione dei nostri siti internet e degli strumenti elettronici utilizzati. Nel perseguimento delle attivit\u00e0 di cui all&#8217;articolo 1, DK WORLD SRL. potr\u00e0 avvalersi delle seguenti categorie di soggetti, che potranno venire a conoscenza dei dati personali dell&#8217;Utente: soggetti qualificati, quali ad esempio banche, imprese e societ\u00e0 assicuratrici, fornitori e subappaltatori, che forniscono a DK WORLD SRL prestazioni o servizi strumentali all&#8217;invio delle newsletter, di comunicazioni informative e promozionali, anche di natura commerciale, all&#8217;elaborazione di ricerche statistiche e di mercato, all&#8217;organizzazione e allo svolgimento di eventi e manifestazioni, anche di natura promozionale; ad aspetti legali, tributari, previdenziali, contabili, organizzativi; qualsiasi altro soggetto cui i dati dovranno essere comunicati in base ad un&#8217;espressa disposizione di legge.<\/p>\n<p>I dati personali potranno essere trasferiti all&#8217;estero, in conformit\u00e0 a quanto previsto dalla normativa vigente, anche in Paesi non appartenenti all&#8217;Unione Europea, ove DK WORLD SRL persegua i propri interessi.<\/p>\n<p><span style=\"color: #000000;\"><span style=\"font-family: Open Sans, serif;\"><span style=\"font-size: large;\"><b>6. Diffusione dei dati<\/b><\/span><\/span><\/span><\/p>\n<p><span style=\"color: #000000;\"><span style=\"font-family: Open Sans, serif;\"><span style=\"font-size: medium;\">I dati personali dell&#8217;Utente non saranno diffusi, n\u00e9 comunicati ad altri soggetti oltre a quelli elencati nella presente informativa.<\/span><\/span><\/span><\/p>\n<p><span style=\"color: #000000;\"><span style=\"font-family: Open Sans, serif;\"><span style=\"font-size: large;\"><b>7. Diritti dell&#8217;interessato<\/b><\/span><\/span><\/span><\/p>\n<p><span style=\"color: #000000;\"><span style=\"font-family: Open Sans, serif;\"><span style=\"font-size: medium;\">In relazione ai trattamenti di cui all&#8217;articolo 1, l&#8217;Utente potr\u00e0 esercitare i diritti previsti dall&#8217;art. 7 del D. Lgs. 30 Giugno 2003, n. 196 che, per comodit\u00e0, trascriviamo integralmente qui di seguito.<\/span><\/span><\/span><\/p>\n<p>Art. 7 \u2013 Diritto di accesso ai dati personali ed altri diritti<\/p>\n<p>1. L&#8217;interessato ha diritto di ottenere la conferma dell&#8217;esistenza o meno di dati personali che lo riguardano, anche se non ancora registrati, e la loro comunicazione in forma intelligibile.<\/p>\n<p>2.\u00a0<span style=\"color: #000000;\"><span style=\"font-family: Open Sans, serif;\"><span style=\"font-size: medium;\"><b>L&#8217;interessato ha diritto di ottenere l&#8217;indicazione:<\/b><\/span><\/span><\/span><span style=\"color: #000000;\"><span style=\"font-family: Open Sans, serif;\"><span style=\"font-size: medium;\"><br \/>\na) dell&#8217;origine dei dati personali;<br \/>\nb) delle finalit\u00e0 e modalit\u00e0 del trattamento;<br \/>\nc) della logica applicata in caso di trattamento effettuato con l&#8217;ausilio di strumenti elettronici;<br \/>\nd) degli estremi identificativi del titolare, dei responsabili e del rappresentante designato ai sensi dell&#8217;articolo 5, comma 2;<br \/>\ne) dei soggetti o delle categorie di soggetti ai quali i dati personali possono essere comunicati o che possono venirne a conoscenza in qualit\u00e0 di rappresentante designato nel territorio dello Stato, di responsabili o incaricati.<\/span><\/span><\/span><\/p>\n<p>3.\u00a0<span style=\"color: #000000;\"><span style=\"font-family: Open Sans, serif;\"><span style=\"font-size: medium;\"><b>L&#8217;interessato ha diritto di ottenere:<\/b><\/span><\/span><\/span><span style=\"color: #000000;\"><span style=\"font-family: Open Sans, serif;\"><span style=\"font-size: medium;\"><br \/>\na) l&#8217;aggiornamento, la rettificazione ovvero, quando vi ha interesse, l&#8217;integrazione dei dati;<br \/>\nb) la cancellazione, la trasformazione in forma anonima o il blocco dei dati trattati in violazione i legge, compresi quelli di cui non \u00e8 necessaria la conservazione in relazione agli scopi per i quali i dati sono stati raccolti o successivamente trattati;<br \/>\nc) l&#8217;attestazione che le operazioni di cui alle lettere a) e b) sono state portate a conoscenza, anche per quanto riguarda il loro contenuto, di coloro ai quali i dati sono stati comunicati o diffusi, eccettuato il caso in cui tale adempimento si rivela impossibile o comporta un impiego di mezzi manifestamente sproporzionato rispetto al diritto tuteOpen Sans.<\/span><\/span><\/span><\/p>\n<p>4.\u00a0<span style=\"color: #000000;\"><span style=\"font-family: Open Sans, serif;\"><span style=\"font-size: medium;\"><b>L&#8217;interessato ha diritto di opporsi, in tutto o in parte:<\/b><\/span><\/span><\/span><span style=\"color: #000000;\"><span style=\"font-family: Open Sans, serif;\"><span style=\"font-size: medium;\"><br \/>\na) per motivi legittimi al trattamento dei dati personali che lo riguardano, ancorch\u00e9 pertinenti allo scopo della raccolta;<br \/>\nb) al trattamento di dati personali che lo riguardano a fini di invio di materiale pubblicitario o di vendita diretta o per il compimento di ricerche di mercato o di comunicazione commerciale.<\/span><\/span><\/span><\/p>\n<p><span style=\"color: #000000;\"><span style=\"font-family: Open Sans, serif;\"><span style=\"font-size: large;\"><b>8. Informativa per le attivit\u00e0 promozionali<\/b><\/span><\/span><\/span><\/p>\n<p><span style=\"color: #000000;\"><span style=\"font-family: Open Sans, serif;\"><span style=\"font-size: medium;\">La partecipazione alle attivit\u00e0 di marketing avviene su base volontaria ai sensi dell&#8217;art. 7, 4\u00b0 comma, lett. b) e dell&#8217;art. 130 del Codice in materia di protezione dei dati personali, per quanto in particolare concerne le comunicazioni elettroniche realizzate mediante posta elettronica, telefax, messaggi del tipo MMS (Multimedia Messaging Service) o SMS (Short Message Service), od altro.<\/span><\/span><\/span><\/p>\n<p><span style=\"color: #000000;\"><span style=\"font-family: Open Sans, serif;\"><span style=\"font-size: large;\"><b>9. I Titolari e il Responsabile del trattamento<\/b><\/span><\/span><\/span><\/p>\n<p><span style=\"color: #000000;\"><span style=\"font-family: Open Sans, serif;\"><span style=\"font-size: medium;\">Il Titolare del trattamento dei dati personali \u00e8 DK WORLD SRL, con sede legale in Via Carducci, 943 \u2013 21027 Ispra (Va) &#8211; P.Iva: 10389480152.. Il Responsabile del trattamento dei dati personali per conto di DK WORLD SRL \u00e8 il Legale Rappresentante pro tempore, domiciliato, per l&#8217;incarico ricoperto, presso la sede operativa di DK WORLD SRL in Via Carducci, 943 \u2013 21027 Ispra (Va). Qualsiasi richiesta relativa ai dati personali trattati da DK WORLD SRL. potr\u00e0 essere rivolta al medesimo presso la sede legale della societ\u00e0, oppure scrivendo all&#8217;indirizzo di posta elettronica info@internationalcampingispra.it o al numero di fax +39.0332.784.882.<\/span><\/span><\/span>[\/vc_column_text][\/vc_column][\/vc_row]<\/p>\n<\/div>","protected":false},"excerpt":{"rendered":"<p>[vc_row][vc_column][vc_column_text] Informativa ai sensi dell&#8217;art. 13 del D.lgs. n. 196\/2003 Codice in materia di protezione dei dati personali (pubblicato sulla Gazzetta Ufficiale del 29 luglio 2003, Serie generale n. 174, Supplemento ordinario n. 123\/L\u00a0https:\/\/www.garanteprivacy.it\/web\/guest\/home\/docweb\/-\/docweb-display\/export\/1311248). a) La legge in oggetto regola la riservatezza dei dati personali (c.d. Informativa) ed impone una serie di obblighi in capo&hellip;<\/p>\n","protected":false},"author":2,"featured_media":0,"parent":0,"menu_order":0,"comment_status":"closed","ping_status":"closed","template":"","meta":[],"class_list":["post-1188","page","type-page","status-publish","hentry","description-off"],"_links":{"self":[{"href":"https:\/\/dkampingvillage.it\/it\/wp-json\/wp\/v2\/pages\/1188","targetHints":{"allow":["GET"]}}],"collection":[{"href":"https:\/\/dkampingvillage.it\/it\/wp-json\/wp\/v2\/pages"}],"about":[{"href":"https:\/\/dkampingvillage.it\/it\/wp-json\/wp\/v2\/types\/page"}],"author":[{"embeddable":true,"href":"https:\/\/dkampingvillage.it\/it\/wp-json\/wp\/v2\/users\/2"}],"replies":[{"embeddable":true,"href":"https:\/\/dkampingvillage.it\/it\/wp-json\/wp\/v2\/comments?post=1188"}],"version-history":[{"count":4,"href":"https:\/\/dkampingvillage.it\/it\/wp-json\/wp\/v2\/pages\/1188\/revisions"}],"predecessor-version":[{"id":4914,"href":"https:\/\/dkampingvillage.it\/it\/wp-json\/wp\/v2\/pages\/1188\/revisions\/4914"}],"wp:attachment":[{"href":"https:\/\/dkampingvillage.it\/it\/wp-json\/wp\/v2\/media?parent=1188"}],"curies":[{"name":"wp","href":"https:\/\/api.w.org\/{rel}","templated":true}]}}