{"id":1486,"date":"2017-01-27T16:56:38","date_gmt":"2017-01-27T15:56:38","guid":{"rendered":"http:\/\/internationalcampingispra.it\/it\/?page_id=1486"},"modified":"2024-02-26T12:32:57","modified_gmt":"2024-02-26T11:32:57","slug":"attivita-sportive","status":"publish","type":"page","link":"https:\/\/dkampingvillage.it\/it\/attivita-sportive\/","title":{"rendered":"Sport"},"content":{"rendered":"<div class=\"wpb-content-wrapper\"><p>[vc_row type=&#8221;vc_default&#8221;][vc_column][vc_row_inner][vc_column_inner][vc_separator color=&#8221;sky&#8221; border_width=&#8221;3&#8243;][\/vc_column_inner][\/vc_row_inner][\/vc_column][\/vc_row][vc_row type=&#8221;vc_default&#8221; full_width=&#8221;stretch_row&#8221; gap=&#8221;5&#8243; equal_height=&#8221;yes&#8221; content_placement=&#8221;middle&#8221;][vc_column width=&#8221;1\/3&#8243; css=&#8221;.vc_custom_1485710315742{padding-right: 20px !important;padding-left: 20px !important;}&#8221;][vc_row_inner][vc_column_inner]<div class=\"dt-fancy-separator h3-size style-disabled accent-title-color\" style=\"width: 100%;\"><div class=\"dt-fancy-title\"><span class=\"separator-holder separator-left\"><\/span>Flyboard<span class=\"separator-holder separator-right\"><\/span><\/div><\/div>[vc_single_image image=&#8221;4195&#8243; img_size=&#8221;300&#215;200&#8243; alignment=&#8221;center&#8221;][\/vc_column_inner][\/vc_row_inner][vc_row_inner][vc_column_inner width=&#8221;1\/3&#8243;][\/vc_column_inner][vc_column_inner width=&#8221;1\/3&#8243;][vc_separator color=&#8221;sky&#8221; border_width=&#8221;2&#8243;][\/vc_column_inner][vc_column_inner width=&#8221;1\/3&#8243;][\/vc_column_inner][\/vc_row_inner][\/vc_column][vc_column width=&#8221;1\/3&#8243; css=&#8221;.vc_custom_1485794423015{padding-right: 20px !important;padding-left: 20px !important;}&#8221;][vc_row_inner][vc_column_inner]<div class=\"dt-fancy-separator h3-size style-disabled accent-title-color\" style=\"width: 100%;\"><div class=\"dt-fancy-title\"><span class=\"separator-holder separator-left\"><\/span>Jetsurf<span class=\"separator-holder separator-right\"><\/span><\/div><\/div>[vc_single_image image=&#8221;4196&#8243; img_size=&#8221;300&#215;200&#8243; alignment=&#8221;center&#8221;][\/vc_column_inner][\/vc_row_inner][vc_row_inner][vc_column_inner width=&#8221;1\/3&#8243;][\/vc_column_inner][vc_column_inner width=&#8221;1\/3&#8243;][vc_separator color=&#8221;sky&#8221; border_width=&#8221;2&#8243;][\/vc_column_inner][vc_column_inner width=&#8221;1\/3&#8243;][\/vc_column_inner][\/vc_row_inner][\/vc_column][vc_column width=&#8221;1\/3&#8243;][vc_row_inner][vc_column_inner]<div class=\"dt-fancy-separator h3-size style-disabled accent-title-color\" style=\"width: 100%;\"><div class=\"dt-fancy-title\"><span class=\"separator-holder separator-left\"><\/span>E-foil<span class=\"separator-holder separator-right\"><\/span><\/div><\/div>[vc_single_image image=&#8221;4197&#8243; img_size=&#8221;300&#215;200&#8243; alignment=&#8221;center&#8221;][\/vc_column_inner][\/vc_row_inner][vc_row_inner][vc_column_inner width=&#8221;1\/3&#8243;][\/vc_column_inner][vc_column_inner width=&#8221;1\/3&#8243;][vc_separator color=&#8221;sky&#8221; border_width=&#8221;2&#8243;][\/vc_column_inner][vc_column_inner width=&#8221;1\/3&#8243;][\/vc_column_inner][\/vc_row_inner][\/vc_column][\/vc_row][vc_row][vc_column width=&#8221;1\/3&#8243;][vc_column_text]<\/p>\n<p style=\"text-align: center;\"><span style=\"color: #808080;\">Il flyboard \u00e8 una pedana collegata ad una moto d\u2019acqua, attraverso un tubo lungo 18 metri circa nel quale viene spinta l\u2019acqua che d\u00e0 la propulsione alla pedana per alzarsi in aria. L\u2019altezza che si pu\u00f2 raggiungere dipende dalla potenza della moto d\u2019acqua.<\/span><br \/>\n<span style=\"color: #808080;\">Gli istruttori certificati del club sono il campione italiano assoluto 2016 e il campione italiano di categoria 2016.<\/span><\/p>\n<p>[\/vc_column_text][\/vc_column][vc_column width=&#8221;1\/3&#8243;][vc_column_text]<\/p>\n<p style=\"text-align: center;\"><span style=\"color: #808080;\">Il JETSURF SPORT \u00e8 la tavola che tutti possono godere. Le sue caratteristiche sono perfette per le famiglie e per l&#8217;affitto.<\/span><br \/>\n<span style=\"color: #808080;\">Il JETSURF \u00e8 uno sport affidabile ed ideale per chi vuole godersi un pomeriggio di divertimento sul lago Maggiore.<\/span><\/p>\n<p>[\/vc_column_text][\/vc_column][vc_column width=&#8221;1\/3&#8243;][vc_column_text]<\/p>\n<p style=\"text-align: center;\"><span style=\"color: #808080;\">L&#8217;<strong>E-Foil<\/strong> ti d\u00e0 la sensazione di volare sull&#8217;acqua. Con la libert\u00e0 di goderne ovunque\u00a0e\u00a0in qualsiasi momento, indipendentemente dal vento\u00a0e\u00a0dalle onde.\u00a0\u00c8\u00a0veloce, silenzioso\u00a0e\u00a0senza emissioni!<\/span><\/p>\n<p>[\/vc_column_text][\/vc_column][\/vc_row][vc_row][vc_column]<div class=\" ubtn-ctn-center \"><a class=\"ubtn-link ult-adjust-bottom-margin ubtn-center ubtn-normal \" href=\"http:\/\/www.dksummerclub.it\/\" target=\"_blank\" rel=\"noopener\" ><button type=\"button\" id=\"ubtn-2820\"  class=\"ubtn ult-adjust-bottom-margin ult-responsive ubtn-normal ubtn-no-hover-bg  ulta-grow  ubtn-center   tooltip-69db83639afe3\"  data-hover=\"\" data-border-color=\"\" data-bg=\"#009c70\" data-hover-bg=\"#63acff\" data-border-hover=\"\" data-shadow-hover=\"\" data-shadow-click=\"none\" data-shadow=\"\" data-shd-shadow=\"\"  data-ultimate-target='#ubtn-2820'  data-responsive-json-new='{\"font-size\":\"desktop:19px;\",\"line-height\":\"\"}'  style=\"font-weight:bold;border-radius:6px;border-width:1px;border-color:;border-style:solid;background: #009c70;color: #ffffff;\"><span class=\"ubtn-hover\" style=\"background-color:#63acff\"><\/span><span class=\"ubtn-data ubtn-text \" >Scopri tutti gli Sport su DK SUMMER CLUB<\/span><\/button><\/a><\/div>[vc_separator color=&#8221;sky&#8221; border_width=&#8221;3&#8243;][\/vc_column][\/vc_row][vc_row type=&#8221;vc_default&#8221; full_width=&#8221;stretch_row&#8221;][vc_column width=&#8221;1\/3&#8243;]<div class=\"dt-fancy-separator h3-size style-disabled accent-title-color\" style=\"width: 100%;\"><div class=\"dt-fancy-title\"><span class=\"separator-holder separator-left\"><\/span>Sup<span class=\"separator-holder separator-right\"><\/span><\/div><\/div>[\/vc_column][vc_column width=&#8221;1\/3&#8243;]<div class=\"dt-fancy-separator h3-size style-disabled accent-title-color\" style=\"width: 100%;\"><div class=\"dt-fancy-title\"><span class=\"separator-holder separator-left\"><\/span>Kayak - Pedal\u00f2<span class=\"separator-holder separator-right\"><\/span><\/div><\/div>[\/vc_column][vc_column width=&#8221;1\/3&#8243;]<div class=\"dt-fancy-separator h3-size style-disabled accent-title-color\" style=\"width: 100%;\"><div class=\"dt-fancy-title\"><span class=\"separator-holder separator-left\"><\/span>Beach volley<span class=\"separator-holder separator-right\"><\/span><\/div><\/div>[\/vc_column][\/vc_row][vc_row type=&#8221;vc_default&#8221; full_width=&#8221;stretch_row&#8221; gap=&#8221;5&#8243; equal_height=&#8221;yes&#8221; content_placement=&#8221;middle&#8221;][vc_column width=&#8221;1\/3&#8243; css=&#8221;.vc_custom_1485710315742{padding-right: 20px !important;padding-left: 20px !important;}&#8221;][vc_single_image image=&#8221;3740&#8243; img_size=&#8221;200&#215;200&#8243; alignment=&#8221;center&#8221;][vc_row_inner][vc_column_inner width=&#8221;1\/3&#8243;][\/vc_column_inner][vc_column_inner width=&#8221;1\/3&#8243;][vc_separator color=&#8221;sky&#8221; border_width=&#8221;2&#8243;][\/vc_column_inner][vc_column_inner width=&#8221;1\/3&#8243;][\/vc_column_inner][\/vc_row_inner][\/vc_column][vc_column width=&#8221;1\/3&#8243; css=&#8221;.vc_custom_1485794423015{padding-right: 20px !important;padding-left: 20px !important;}&#8221;][vc_single_image image=&#8221;2767&#8243; img_size=&#8221;200&#215;200&#8243; alignment=&#8221;center&#8221;][vc_row_inner][vc_column_inner width=&#8221;1\/3&#8243;][\/vc_column_inner][vc_column_inner width=&#8221;1\/3&#8243;][vc_separator color=&#8221;sky&#8221; border_width=&#8221;2&#8243;][\/vc_column_inner][vc_column_inner width=&#8221;1\/3&#8243;][\/vc_column_inner][\/vc_row_inner][\/vc_column][vc_column width=&#8221;1\/3&#8243;][vc_single_image image=&#8221;4199&#8243; img_size=&#8221;200&#215;200&#8243; alignment=&#8221;center&#8221;][vc_row_inner][vc_column_inner width=&#8221;1\/3&#8243;][\/vc_column_inner][vc_column_inner width=&#8221;1\/3&#8243;][vc_separator color=&#8221;sky&#8221; border_width=&#8221;2&#8243;][\/vc_column_inner][vc_column_inner width=&#8221;1\/3&#8243;][\/vc_column_inner][\/vc_row_inner][\/vc_column][\/vc_row][vc_row][vc_column width=&#8221;1\/3&#8243;][vc_column_text]<\/p>\n<p style=\"text-align: center;\"><span style=\"color: #7b7b7b;\">\u00a0SUP (Stand up paddle oppure Hoe he&#8217;e nalu nella lingua hawaiana)\u00a0\u00e8 uno sport originario delle isole Hawaii nati da un&#8217;evoluzione del surf. Essi consentono ai surfisti di remare pi\u00f9 veloce e lontano nell&#8217;oceano per cercare l&#8217;onda o di remare in piedi come sport distinto. Il SUP \u00e8 l&#8217;attivit\u00e0 sportiva all&#8217;aperto con il maggior numero di nuovi partecipanti negli Stati Uniti nel 2013. Gli stand up paddlers remano sui laghi, grandi fiumi, canali e scivolano su lunghe distanze lungo le coste del mare, spesso utilizzando i venti di coda per aiutare lo scorrimento.<\/span><\/p>\n<p style=\"text-align: center;\"><span style=\"color: #7b7b7b;\">\u00a0<\/span><\/p>\n<p>[\/vc_column_text][\/vc_column][vc_column width=&#8221;1\/3&#8243;][vc_column_text]<\/p>\n<p style=\"text-align: center;\"><span style=\"color: #7b7b7b;\">Al club \u00e8 possibile noleggiare pedal\u00f2 4 posti, kayak mono o biposto .<\/span><\/p>\n<p>[\/vc_column_text][\/vc_column][vc_column width=&#8221;1\/3&#8243;][vc_column_text]<\/p>\n<p style=\"text-align: center;\"><span style=\"color: #7b7b7b;\">Nato in California e sulle spiagge delle Hawaii\u2026al DKamping Village troverete un&#8217; area beach volley con campo di sabbia finissima, direttamente sul lago.<\/span><\/p>\n<p>[\/vc_column_text][\/vc_column][\/vc_row][vc_row][vc_column][vc_separator color=&#8221;sky&#8221; border_width=&#8221;3&#8243;][\/vc_column][\/vc_row][vc_row type=&#8221;vc_default&#8221; full_width=&#8221;stretch_row&#8221;][vc_column width=&#8221;1\/3&#8243;]<div class=\"dt-fancy-separator h3-size style-disabled accent-title-color\" style=\"width: 100%;\"><div class=\"dt-fancy-title\"><span class=\"separator-holder separator-left\"><\/span>Ping pong<span class=\"separator-holder separator-right\"><\/span><\/div><\/div>[\/vc_column][vc_column width=&#8221;1\/3&#8243;]<div class=\"dt-fancy-separator h3-size style-disabled accent-title-color\" style=\"width: 100%;\"><div class=\"dt-fancy-title\"><span class=\"separator-holder separator-left\"><\/span>Pesca<span class=\"separator-holder separator-right\"><\/span><\/div><\/div>[\/vc_column][vc_column width=&#8221;1\/3&#8243;]<div class=\"dt-fancy-separator h3-size style-disabled accent-title-color\" style=\"width: 100%;\"><div class=\"dt-fancy-title\"><span class=\"separator-holder separator-left\"><\/span>Escursionismo<span class=\"separator-holder separator-right\"><\/span><\/div><\/div>[\/vc_column][\/vc_row][vc_row type=&#8221;vc_default&#8221; full_width=&#8221;stretch_row&#8221; gap=&#8221;5&#8243; equal_height=&#8221;yes&#8221; content_placement=&#8221;middle&#8221;][vc_column width=&#8221;1\/3&#8243; css=&#8221;.vc_custom_1485794423015{padding-right: 20px !important;padding-left: 20px !important;}&#8221;][vc_single_image image=&#8221;2761&#8243; img_size=&#8221;200&#215;200&#8243; alignment=&#8221;center&#8221;][vc_row_inner][vc_column_inner width=&#8221;1\/3&#8243;][\/vc_column_inner][vc_column_inner width=&#8221;1\/3&#8243;][vc_separator color=&#8221;sky&#8221; border_width=&#8221;2&#8243;][\/vc_column_inner][vc_column_inner width=&#8221;1\/3&#8243;][\/vc_column_inner][\/vc_row_inner][\/vc_column][vc_column width=&#8221;1\/3&#8243; css=&#8221;.vc_custom_1485794684104{padding-right: 20px !important;padding-left: 20px !important;}&#8221;][vc_single_image image=&#8221;2516&#8243; img_size=&#8221;200&#215;200&#8243; alignment=&#8221;center&#8221;][vc_row_inner][vc_column_inner width=&#8221;1\/3&#8243;][\/vc_column_inner][vc_column_inner width=&#8221;1\/3&#8243;][vc_separator color=&#8221;sky&#8221; border_width=&#8221;2&#8243;][\/vc_column_inner][vc_column_inner width=&#8221;1\/3&#8243;][\/vc_column_inner][\/vc_row_inner][\/vc_column][vc_column width=&#8221;1\/3&#8243;][vc_single_image image=&#8221;2515&#8243; img_size=&#8221;200&#215;200&#8243; alignment=&#8221;center&#8221;][vc_row_inner][vc_column_inner width=&#8221;1\/3&#8243;][\/vc_column_inner][vc_column_inner width=&#8221;1\/3&#8243;][vc_separator color=&#8221;sky&#8221; border_width=&#8221;2&#8243;][\/vc_column_inner][vc_column_inner width=&#8221;1\/3&#8243;][\/vc_column_inner][\/vc_row_inner][\/vc_column][\/vc_row][vc_row][vc_column width=&#8221;1\/3&#8243;][vc_column_text]<\/p>\n<p style=\"text-align: center;\"><span style=\"color: #7b7b7b;\">Tavolo da ping pong adiacente al capo polivalente .<\/span><br \/>\n<span style=\"color: #7b7b7b;\">L\u2019utilizzo \u00e8 gratuito ,le racchette e le palline possono essere richieste in reception.<\/span><\/p>\n<p>[\/vc_column_text][\/vc_column][vc_column width=&#8221;1\/3&#8243;][vc_column_text]<\/p>\n<p style=\"text-align: center;\"><span style=\"color: #808080;\">Da millenni la pesca ci accompagna per la ricerca di cibo diventando un&#8217; attivit\u00e0 praticata da grandi e piccini su laghi, mari o fiumi.<\/span><br \/>\n<span style=\"color: #808080;\">L\u2019International Camping Ispra sorge all\u2019interno della riserva Brughera e vi offre l\u2019opportunit\u00e0 di dare spazio al vostro hobby senza nemmeno dovervi spostare.\u00a0<\/span><\/p>\n<p>[\/vc_column_text][\/vc_column][vc_column width=&#8221;1\/3&#8243;][vc_column_text]<\/p>\n<p style=\"text-align: center;\"><span style=\"color: #7b7b7b;\">Scopri gli itinerari del Lago Maggiore!<br \/>\n<\/span><\/p>\n<p>[\/vc_column_text]<div class=\" ubtn-ctn-center \"><a class=\"ubtn-link ult-adjust-bottom-margin ubtn-center ubtn-normal \" href=\"http:\/\/dkampingvillage.it\/it\/escursioni-lago-maggiore\/\" ><button type=\"button\" id=\"ubtn-6468\"  class=\"ubtn ult-adjust-bottom-margin ult-responsive ubtn-normal ubtn-no-hover-bg  ulta-grow  ubtn-center   tooltip-69db83639b079\"  data-hover=\"\" data-border-color=\"\" data-bg=\"#009c70\" data-hover-bg=\"#63acff\" data-border-hover=\"\" data-shadow-hover=\"\" data-shadow-click=\"none\" data-shadow=\"\" data-shd-shadow=\"\"  data-ultimate-target='#ubtn-6468'  data-responsive-json-new='{\"font-size\":\"desktop:19px;\",\"line-height\":\"\"}'  style=\"font-weight:bold;border-radius:6px;border-width:1px;border-color:;border-style:solid;background: #009c70;color: #ffffff;\"><span class=\"ubtn-hover\" style=\"background-color:#63acff\"><\/span><span class=\"ubtn-data ubtn-text \" >Attivita&#039;<\/span><\/button><\/a><\/div>[\/vc_column][\/vc_row][vc_row][vc_column][vc_separator color=&#8221;sky&#8221; border_width=&#8221;3&#8243;][\/vc_column][\/vc_row][vc_row type=&#8221;vc_default&#8221; full_width=&#8221;stretch_row&#8221;][vc_column width=&#8221;1\/3&#8243;]<div class=\"dt-fancy-separator h3-size style-disabled accent-title-color\" style=\"width: 100%;\"><div class=\"dt-fancy-title\"><span class=\"separator-holder separator-left\"><\/span>Tennis<span class=\"separator-holder separator-right\"><\/span><\/div><\/div>[\/vc_column][vc_column width=&#8221;1\/3&#8243;]<div class=\"dt-fancy-separator h3-size style-disabled accent-title-color\" style=\"width: 100%;\"><div class=\"dt-fancy-title\"><span class=\"separator-holder separator-left\"><\/span>Basket<span class=\"separator-holder separator-right\"><\/span><\/div><\/div>[\/vc_column][vc_column width=&#8221;1\/3&#8243;]<div class=\"dt-fancy-separator h3-size style-disabled accent-title-color\" style=\"width: 100%;\"><div class=\"dt-fancy-title\"><span class=\"separator-holder separator-left\"><\/span>Calcetto<span class=\"separator-holder separator-right\"><\/span><\/div><\/div>[\/vc_column][\/vc_row][vc_row type=&#8221;vc_default&#8221; full_width=&#8221;stretch_row&#8221; gap=&#8221;5&#8243; equal_height=&#8221;yes&#8221; content_placement=&#8221;middle&#8221;][vc_column width=&#8221;1\/3&#8243; css=&#8221;.vc_custom_1485710315742{padding-right: 20px !important;padding-left: 20px !important;}&#8221;][vc_single_image image=&#8221;4200&#8243; img_size=&#8221;200&#215;200&#8243; alignment=&#8221;center&#8221;][vc_row_inner][vc_column_inner width=&#8221;1\/3&#8243;][\/vc_column_inner][vc_column_inner width=&#8221;1\/3&#8243;][vc_separator color=&#8221;white&#8221; border_width=&#8221;2&#8243;][\/vc_column_inner][vc_column_inner width=&#8221;1\/3&#8243;][\/vc_column_inner][\/vc_row_inner][\/vc_column][vc_column width=&#8221;1\/3&#8243; css=&#8221;.vc_custom_1485794423015{padding-right: 20px !important;padding-left: 20px !important;}&#8221;][vc_single_image image=&#8221;4207&#8243; img_size=&#8221;200&#215;200&#8243; alignment=&#8221;center&#8221;][vc_row_inner][vc_column_inner width=&#8221;1\/3&#8243;][\/vc_column_inner][vc_column_inner width=&#8221;1\/3&#8243;][vc_separator color=&#8221;white&#8221; border_width=&#8221;2&#8243;][\/vc_column_inner][vc_column_inner width=&#8221;1\/3&#8243;][\/vc_column_inner][\/vc_row_inner][\/vc_column][vc_column width=&#8221;1\/3&#8243; css=&#8221;.vc_custom_1485794684104{padding-right: 20px !important;padding-left: 20px !important;}&#8221;][vc_single_image image=&#8221;4204&#8243; img_size=&#8221;200&#215;200&#8243; alignment=&#8221;center&#8221;][vc_row_inner][vc_column_inner width=&#8221;1\/3&#8243;][\/vc_column_inner][vc_column_inner width=&#8221;1\/3&#8243;][vc_separator color=&#8221;white&#8221; border_width=&#8221;2&#8243;][\/vc_column_inner][vc_column_inner width=&#8221;1\/3&#8243;][\/vc_column_inner][\/vc_row_inner][\/vc_column][\/vc_row][vc_row][vc_column][vc_column_text]<\/p>\n<p style=\"text-align: center;\">Recentemente rimodernato, il nostro campo polivalente \u00e8 gratuito, con possibilit\u00e0 di utilizzo gratuito palloni e racchette in reception .<\/p>\n<p>[\/vc_column_text][\/vc_column][\/vc_row][vc_row][vc_column][vc_separator color=&#8221;sky&#8221; border_width=&#8221;3&#8243;][\/vc_column][\/vc_row]<\/p>\n<\/div>","protected":false},"excerpt":{"rendered":"<p>[vc_row type=&#8221;vc_default&#8221;][vc_column][vc_row_inner][vc_column_inner][vc_separator color=&#8221;sky&#8221; border_width=&#8221;3&#8243;][\/vc_column_inner][\/vc_row_inner][\/vc_column][\/vc_row][vc_row type=&#8221;vc_default&#8221; full_width=&#8221;stretch_row&#8221; gap=&#8221;5&#8243; equal_height=&#8221;yes&#8221; content_placement=&#8221;middle&#8221;][vc_column width=&#8221;1\/3&#8243; css=&#8221;.vc_custom_1485710315742{padding-right: 20px !important;padding-left: 20px !important;}&#8221;][vc_row_inner][vc_column_inner][vc_single_image image=&#8221;4195&#8243; img_size=&#8221;300&#215;200&#8243; alignment=&#8221;center&#8221;][\/vc_column_inner][\/vc_row_inner][vc_row_inner][vc_column_inner width=&#8221;1\/3&#8243;][\/vc_column_inner][vc_column_inner width=&#8221;1\/3&#8243;][vc_separator color=&#8221;sky&#8221; border_width=&#8221;2&#8243;][\/vc_column_inner][vc_column_inner width=&#8221;1\/3&#8243;][\/vc_column_inner][\/vc_row_inner][\/vc_column][vc_column width=&#8221;1\/3&#8243; css=&#8221;.vc_custom_1485794423015{padding-right: 20px !important;padding-left: 20px !important;}&#8221;][vc_row_inner][vc_column_inner][vc_single_image image=&#8221;4196&#8243; img_size=&#8221;300&#215;200&#8243; alignment=&#8221;center&#8221;][\/vc_column_inner][\/vc_row_inner][vc_row_inner][vc_column_inner width=&#8221;1\/3&#8243;][\/vc_column_inner][vc_column_inner width=&#8221;1\/3&#8243;][vc_separator color=&#8221;sky&#8221; border_width=&#8221;2&#8243;][\/vc_column_inner][vc_column_inner width=&#8221;1\/3&#8243;][\/vc_column_inner][\/vc_row_inner][\/vc_column][vc_column width=&#8221;1\/3&#8243;][vc_row_inner][vc_column_inner][vc_single_image image=&#8221;4197&#8243; img_size=&#8221;300&#215;200&#8243; alignment=&#8221;center&#8221;][\/vc_column_inner][\/vc_row_inner][vc_row_inner][vc_column_inner width=&#8221;1\/3&#8243;][\/vc_column_inner][vc_column_inner width=&#8221;1\/3&#8243;][vc_separator color=&#8221;sky&#8221; border_width=&#8221;2&#8243;][\/vc_column_inner][vc_column_inner width=&#8221;1\/3&#8243;][\/vc_column_inner][\/vc_row_inner][\/vc_column][\/vc_row][vc_row][vc_column width=&#8221;1\/3&#8243;][vc_column_text] Il flyboard \u00e8 una pedana collegata ad una&hellip;<\/p>\n","protected":false},"author":2,"featured_media":0,"parent":0,"menu_order":0,"comment_status":"closed","ping_status":"closed","template":"","meta":[],"class_list":["post-1486","page","type-page","status-publish","hentry","description-off"],"_links":{"self":[{"href":"https:\/\/dkampingvillage.it\/it\/wp-json\/wp\/v2\/pages\/1486","targetHints":{"allow":["GET"]}}],"collection":[{"href":"https:\/\/dkampingvillage.it\/it\/wp-json\/wp\/v2\/pages"}],"about":[{"href":"https:\/\/dkampingvillage.it\/it\/wp-json\/wp\/v2\/types\/page"}],"author":[{"embeddable":true,"href":"https:\/\/dkampingvillage.it\/it\/wp-json\/wp\/v2\/users\/2"}],"replies":[{"embeddable":true,"href":"https:\/\/dkampingvillage.it\/it\/wp-json\/wp\/v2\/comments?post=1486"}],"version-history":[{"count":166,"href":"https:\/\/dkampingvillage.it\/it\/wp-json\/wp\/v2\/pages\/1486\/revisions"}],"predecessor-version":[{"id":4765,"href":"https:\/\/dkampingvillage.it\/it\/wp-json\/wp\/v2\/pages\/1486\/revisions\/4765"}],"wp:attachment":[{"href":"https:\/\/dkampingvillage.it\/it\/wp-json\/wp\/v2\/media?parent=1486"}],"curies":[{"name":"wp","href":"https:\/\/api.w.org\/{rel}","templated":true}]}}