{"id":2775,"date":"2017-03-30T21:59:47","date_gmt":"2017-03-30T20:59:47","guid":{"rendered":"http:\/\/internationalcampingispra.it\/it\/?page_id=2775"},"modified":"2026-01-27T19:01:31","modified_gmt":"2026-01-27T18:01:31","slug":"termini-e-condizioni-di-prenotazione-2","status":"publish","type":"page","link":"https:\/\/dkampingvillage.it\/it\/termini-e-condizioni-di-prenotazione-2\/","title":{"rendered":"Termini e condizioni di prenotazione"},"content":{"rendered":"<div class=\"wpb-content-wrapper\"><p>[vc_row][vc_column]<div id=\"ultimate-heading-323569db91867499f\" class=\"uvc-heading ult-adjust-bottom-margin ultimate-heading-323569db91867499f uvc-7548 \" data-hspacer=\"no_spacer\"  data-halign=\"left\" style=\"text-align:left\"><div class=\"uvc-heading-spacer no_spacer\" style=\"top\"><\/div><div class=\"uvc-main-heading ult-responsive\"  data-ultimate-target='.uvc-heading.ultimate-heading-323569db91867499f h2'  data-responsive-json-new='{\"font-size\":\"desktop:31px;\",\"line-height\":\"\"}' ><h2 style=\"font-weight:bold;color:#009c70;\">Termini e condizioni di prenotazione<\/h2><\/div><\/div>[vc_empty_space height=&#8221;12px&#8221;][vc_separator color=&#8221;custom&#8221; border_width=&#8221;3&#8243; accent_color=&#8221;#009c70&#8243;][\/vc_column][\/vc_row][vc_row][vc_column][vc_column_text]<\/p>\n<div>La richiesta di disponibilit\u00e0 non \u00e8 vincolante e non assume forma di contratto n\u00e8 per il Cliente n\u00e8 per Dkamping Village.<\/div>\n<div>La conferma di prenotazione che Dkamping Village invia al Cliente \u00e8 vincolante per entrambe le parti e costituisce perfezionamento del contratto di prenotazione.<\/div>\n<div>La prenotazione diviene vincolante per Dkamping Village solo al momento della ricezione della ricevuta di pagamento della caparra.<\/div>\n<div>L\u2019ammontare della caparra confirmatoria e\u2019 pari al 30% dell\u2019importo del soggiorno .<\/div>\n<div>Quando la vostra prenotazione sara\u2019 confermata riceverete una e-mail di conferma<\/div>\n<div>Arrivi (check-in): dalle ore 15.00 alle ore 22.00.<\/div>\n<div>Partenze (check-out): entro le ore 10.00 a.m.<\/div>\n<div>Saldo del pagamento: 7 giorni prima dell\u2019arrivo con le seguenti modalita\u2019:<\/div>\n<div>\u2013 bonifico bancario<\/div>\n<div>\u2013 con carta di credito Visa, Mastercard<\/div>\n<div><b>CAUZIONE:<\/b>\u00a0All\u2019arrivo dovr\u00e0 essere versata una cauzione per ogni casa mobile , pari a \u20ac100.00 . L\u2019ospite si impegna ad avere la massima cura della casa mobile e delle apparecchiature domestiche . Reclami , per quanto riguarda lo stato dell\u2019appartamento , verranno accettati soltanto nelle 24 ore successive all\u2019arrivo . Eventuali rotture o danneggiamenti di oggetti devono essere risarciti ai prezzi correnti.<\/div>\n<div>La cauzione verr\u00e0 restituita entro 48 ore dalla partenza ,stornando l\u2019autorizzazione della carta di credito, dopo aver effettuato il controllo dello stato della casa mobile salvo danni e\/o mancanze.<\/div>\n<p>&nbsp;<\/p>\n<hr \/>\n<p><strong><span style=\"color: #7b7b7b;\">MODALITA&#8217; DI PAGAMENTO<\/span><\/strong><\/p>\n<div>BONIFICO BANCARIO<\/div>\n<div>Potete effettuare l\u2019invio della caparra mediante un bonifico in EURO sul nostro conto bancario utilizzando i seguenti dati:<\/div>\n<p>&nbsp;<\/p>\n<div>International Camping Ispra<\/div>\n<div>Banca: Intesa SanPaolo<\/div>\n<div>Agenzia: Angera (VA)<\/div>\n<div>IBAN:IT40 T030 6949 9800 0000 6477 166<\/div>\n<div>SWIFT: BCITITMMXXX<\/div>\n<p>&nbsp;<\/p>\n<div>Inviare la notifica di pagamento all\u2019indirizzo\u00a0<a href=\"mailto:info@dkampingvillage.it\" target=\"_blank\" rel=\"noopener\">info@dkampingvillage.it<\/a>(la prenotazione diviene vincolante per la struttura solo al momento della ricezione di tale notifica),<\/div>\n<p>&nbsp;<\/p>\n<div>CARTA DI CREDITO<\/div>\n<div>Potete effettuare il pagamento della caparra comunicandoci via e-mail:<\/div>\n<div>\u2013\u00a0\u00a0\u00a0\u00a0\u00a0\u00a0\u00a0\u00a0\u00a0\u00a0 numero carta di credito<\/div>\n<div>\u2013\u00a0\u00a0\u00a0\u00a0\u00a0\u00a0\u00a0\u00a0\u00a0\u00a0 data di scadenza<\/div>\n<p>&nbsp;<\/p>\n<hr \/>\n<p><strong><span style=\"color: #7b7b7b;\">CANCELLAZIONE DELLA PRENOTAZIONE (STORNO)<\/span><\/strong><\/p>\n<ul>\n<li>In caso di cancellazione della prenotazione entro 6 settimane prima dell\u2019arrivo , vi verr\u00e0 addebitata una tassa di annullamento del 25%della caparra<\/li>\n<li>In caso di cancellazione della prenotazione fra 6 settimane ed una settimana prima dell\u2019arrivo , vi verr\u00e0 addebitata una tassa di annullamento del 100% della caparra<\/li>\n<li>In caso di partenza anticipata vi verr\u00e0 addebitato l\u2019intero importo della prenotazione.<\/li>\n<\/ul>\n<div>N.B. La restituzione avverr\u00e0 sullo stesso mezzo di pagamento utilizzato in fase di prenotazione<\/div>\n<div>NON E\u2019 PREVISTO UN RIMBORSO IN CASO DI CONDIZIONI METEO INCLEMENTI O ALTRE CIRCOSTANZE AL DI FUORI DEL NOSTRO CONTROLLO.<\/div>\n<div>GLI ACCONTI NON POSSONO ESSERE TRASFERITI IN DATE ALTERNATIVE<\/div>\n<div><\/div>\n<hr \/>\n<p><strong><span style=\"color: #7b7b7b;\">FORO COMPETENTE<\/span><\/strong><\/p>\n<div>Per qualsiasi controversia dovesse insorgere relativamente all\u2019interpretazione, all\u2019esecuzione e\/o alla risoluzione dei contratti di prenotazione a cui si applicano le presenti condizioni in cui sia parte processuale Dkamping Village, sar\u00e0 esclusivamente competente il Foro di Varese.<\/div>\n<div><b>Privacy:<\/b><\/div>\n<div>INFORMATIVA AI SENSI DELL\u2019ART. 13 D.LGS. 196\/2003<\/div>\n<div>I dati personali acquisiti saranno utilizzati da parte della Struttura e dell\u2019A.S.D. Dk Summer Club, anche con l\u2019ausilio di mezzi elettronici e\/o automatizzati, esclusivamente per adempiere agli obblighi di legge legati allo svolgimento delle attivit\u00e0 di ospitalit\u00e0 e ristorazione della Struttura. Ai sensi dell\u2019art. 13 D.Lgs. 196\/2003, Lei ha il diritto di accedere ai propri dati chiedendone la correzione, l\u2019integrazione e, ricorrendone gli estremi, la cancellazione o il blocco.<\/div>\n<p>[\/vc_column_text][\/vc_column][\/vc_row]<\/p>\n<\/div>","protected":false},"excerpt":{"rendered":"<p>[vc_row][vc_column][vc_empty_space height=&#8221;12px&#8221;][vc_separator color=&#8221;custom&#8221; border_width=&#8221;3&#8243; accent_color=&#8221;#009c70&#8243;][\/vc_column][\/vc_row][vc_row][vc_column][vc_column_text] La richiesta di disponibilit\u00e0 non \u00e8 vincolante e non assume forma di contratto n\u00e8 per il Cliente n\u00e8 per Dkamping Village. La conferma di prenotazione che Dkamping Village invia al Cliente \u00e8 vincolante per entrambe le parti e costituisce perfezionamento del contratto di prenotazione. La prenotazione diviene vincolante per Dkamping&hellip;<\/p>\n","protected":false},"author":2,"featured_media":0,"parent":0,"menu_order":0,"comment_status":"closed","ping_status":"closed","template":"","meta":[],"class_list":["post-2775","page","type-page","status-publish","hentry","description-off"],"_links":{"self":[{"href":"https:\/\/dkampingvillage.it\/it\/wp-json\/wp\/v2\/pages\/2775","targetHints":{"allow":["GET"]}}],"collection":[{"href":"https:\/\/dkampingvillage.it\/it\/wp-json\/wp\/v2\/pages"}],"about":[{"href":"https:\/\/dkampingvillage.it\/it\/wp-json\/wp\/v2\/types\/page"}],"author":[{"embeddable":true,"href":"https:\/\/dkampingvillage.it\/it\/wp-json\/wp\/v2\/users\/2"}],"replies":[{"embeddable":true,"href":"https:\/\/dkampingvillage.it\/it\/wp-json\/wp\/v2\/comments?post=2775"}],"version-history":[{"count":14,"href":"https:\/\/dkampingvillage.it\/it\/wp-json\/wp\/v2\/pages\/2775\/revisions"}],"predecessor-version":[{"id":4923,"href":"https:\/\/dkampingvillage.it\/it\/wp-json\/wp\/v2\/pages\/2775\/revisions\/4923"}],"wp:attachment":[{"href":"https:\/\/dkampingvillage.it\/it\/wp-json\/wp\/v2\/media?parent=2775"}],"curies":[{"name":"wp","href":"https:\/\/api.w.org\/{rel}","templated":true}]}}