{"id":3579,"date":"2018-03-14T17:02:55","date_gmt":"2018-03-14T16:02:55","guid":{"rendered":"http:\/\/internationalcampingispra.it\/it\/?page_id=3579"},"modified":"2026-01-23T12:49:00","modified_gmt":"2026-01-23T11:49:00","slug":"avviso-legale","status":"publish","type":"page","link":"https:\/\/dkampingvillage.it\/it\/avviso-legale\/","title":{"rendered":"Avviso Legale"},"content":{"rendered":"<div class=\"wpb-content-wrapper\"><p>[vc_row][vc_column][vc_column_text]<span style=\"color: #000000;\"><span style=\"font-family: Open Sans, serif;\"><span style=\"font-size: large;\"><b>1. Premessa<\/b><\/span><\/span><\/span><\/p>\n<p><span style=\"color: #000000;\"><span style=\"font-family: Open Sans, serif;\"><span style=\"font-size: medium;\">Nel presente documento sono riportate le Condizioni Generali di utilizzo del sito <\/span><\/span><\/span><span style=\"color: #000000;\"><span style=\"font-family: Open Sans, serif;\"><span style=\"font-size: medium;\"><b>www.dkampingvillage.it<\/b><\/span><\/span><\/span><span style=\"color: #000000;\"><span style=\"font-family: Open Sans, serif;\"><span style=\"font-size: medium;\"> (di seguito, per brevit\u00e0, rispettivamente le \u201cCondizioni Generali\u201d ed il \u201cSito\u201d) cui deve attenersi chiunque intenda navigare sulle pagine dello stesso. L&#8217;accesso al Sito e qualunque azione che comporti la navigazione sulle sue pagine web, costituiscono piena accettazione delle Condizioni Generali.<\/span><\/span><\/span><\/p>\n<p>Nel caso in cui l&#8217;utente non intenda accettare le Condizioni Generali, \u00e8 sufficiente che si astenga dal navigare sulle pagine del Sito.<\/p>\n<p>Chiunque acceda al Sito, implicitamente dichiara di non utilizzare il Sito ed il materiale in esso contenuto per scopi illeciti o comunque contrari alle vigenti norme di legge.<\/p>\n<p>Le Condizioni Generali possono essere modificate da DK WORLD SRL<span style=\"color: #000000;\"><span style=\"font-family: Open Sans, serif;\"><span style=\"font-size: medium;\">\u00a0in qualunque momento, senza che di questa circostanza venga dato preavviso agli utenti e fermo restando l&#8217;onere di questi ultimi di visionarle periodicamente prima di accedere ai contenuti del Sito. L&#8217;accesso al Sito dopo tali cambiamenti comporta la piena e incondizionata adesione alle Condizioni Generali cos\u00ec come modificate. Qualora all&#8217;interno delle pagine web del Sito vengano offerti beni e servizi o presentati contenuti soggetti a specifici termini e condizioni riportati in tali pagine, le stesse prevarranno sulle presenti Condizioni Generali.<\/span><\/span><\/span><\/p>\n<p><span style=\"color: #000000;\"><span style=\"font-family: Open Sans, serif;\"><span style=\"font-size: large;\"><b>2. Contenuto del sito<\/b><\/span><\/span><\/span><\/p>\n<p><span style=\"color: #000000;\"><span style=\"font-family: Open Sans, serif;\"><span style=\"font-size: medium;\">a) Descrizione: il sito internet ufficiale di <\/span><\/span><\/span><span style=\"color: #000000;\"><span style=\"font-family: Open Sans, serif;\"><span style=\"font-size: medium;\"><b>www.dkampingvillage.it<\/b><\/span><\/span><\/span><span style=\"color: #000000;\"><span style=\"font-family: Open Sans, serif;\"><span style=\"font-size: medium;\"> \u00e8 un portale d&#8217;informazione e prenotazione on-line relativamente alle strutture turistiche all&#8217;aria aperta (Campeggi e Villaggi).Il Sito si propone di fornire informazioni, immagini ed altro al fine di fornire una panoramica sulle strutture turistiche e sui servizi e promozioni offerte dalle stesse.<\/span><\/span><\/span><\/p>\n<p>Questo Sito \u00e8 protetto da apparati informativi per evitare la perdita, l&#8217;abuso e l&#8217;alterazione delle informazioni da parte di terzi.<\/p>\n<p>Tutti i contenuti del Sito (notizie, foto, video, suoni, marchi, loghi, nomi a dominio, software applicativi, layout grafici, documentazione tecnica e manualistica, etc.) ed i diritti ad essi correlati sono riservati, pertanto possono essere consultati esclusivamente per finalit\u00e0 d&#8217;informazione personale, essendo espressamente vietato ogni diverso utilizzo senza il preventivo consenso scritto di DK WORLD SRL<\/p>\n<p>b) Cosa offre agli utenti: sul Sito possono essere inseriti dei link collegati a siti sia di terzi sia di societ\u00e0 partnership di cui DK WORLD SRL<span style=\"color: #000000;\"><span style=\"font-family: Open Sans, serif;\"><span style=\"font-size: medium;\"> appartiene. La DK WORLD SRL<\/span><\/span><\/span><span style=\"color: #000000;\"><span style=\"font-family: Open Sans, serif;\"><span style=\"font-size: medium;\">\u00a0non \u00e8 responsabile n\u00e9 per il contenuto n\u00e9 per la politica sulla privacy e sulla sicurezza adottata da tali siti.<\/span><\/span><\/span><\/p>\n<p>I collegamenti ipertestuali hanno unicamente la funzione di facilitare la navigazione dell&#8217;utente senza che vi sia alcun rapporto tra il contenuto del Sito e quello del sito terzo raggiunto. Inoltre, DK WORLD SRL<span style=\"color: #000000;\"><span style=\"font-family: Open Sans, serif;\"><span style=\"font-size: medium;\">\u00a0rende noto che non pu\u00f2 influire in alcun modo sulla struttura dei siti terzi collegati al proprio n\u00e9 avere contezza della veridicit\u00e0, correttezza ed adeguatezza dei materiali e\/o informazioni in essi contenuti. Qualora sul Sito raggiunto fossero presenti specifiche condizioni di utilizzo, queste ultime devono considerarsi prevalenti sulle Condizioni Generali.<\/span><\/span><\/span><\/p>\n<p><span style=\"color: #000000;\"><span style=\"font-family: Open Sans, serif;\"><span style=\"font-size: large;\"><b>3. Diritti di propriet\u00e0 intellettuale ed industriale<\/b><\/span><\/span><\/span><\/p>\n<p><span style=\"color: #000000;\"><span style=\"font-family: Open Sans, serif;\"><span style=\"font-size: medium;\">Tutti i contenuti del Sito sono protetti e tutelati dalle vigenti norme in materia di diritto d&#8217;autore (Legge n.633\/41) e di propriet\u00e0 industriale, si veda:<\/span><\/span><\/span><\/p>\n<p><a href=\"https:\/\/www.interlex.it\/testi\/l41_633.htm\"><span style=\"color: #30b3b1;\"><span style=\"font-family: Open Sans, serif;\"><span style=\"font-size: medium;\">https:\/\/www.interlex.it\/testi\/l41_633.htm;<\/span><\/span><\/span><\/a><\/p>\n<p>\u00c8 vietata qualunque operazione di estrazione o reimpiego non espressamente autorizzata del materiale presente sul Sito, nonch\u00e9 ogni altra attivit\u00e0 che possa ledere i legittimi interessi degli autori e titolari dei diritti sulle opere dell&#8217;ingegno ivi accessibili.<\/p>\n<p>Il Sito ed i suoi contenuti possono essere utilizzati esclusivamente per finalit\u00e0 personali, di ricerca o di didattica, con esclusione di finalit\u00e0 direttamente o indirettamente commerciali, sempre che sia chiaramente indicato il titolare del diritto e che i contenuti del Sito non siano in alcun modo modificati. A titolo esemplificativo, ma non esaustivo, per contenuto del Sito debbono intendersi: i testi; le fotografie; i filmati; le banche dati; i grafici e le tabelle; le riproduzioni audio; i disegni animati o meno; qualunque rappresentazione grafica e\/o di testo in genere.<\/p>\n<p>Non \u00e8 pertanto possibile copiare e\/o riprodurre in tutto o in parte il contenuto del Sito senza l&#8217;espressa autorizzazione di DK WORLD SRL<span style=\"color: #000000;\"><span style=\"font-family: Open Sans, serif;\"><span style=\"font-size: medium;\">. I contenuti del Sito sono disponibili per un uso esclusivamente personale; invero, nessun contenuto pu\u00f2 essere copiato, riprodotto, pubblicato, scaricato, spedito, ritrasmesso oppure distribuito in qualsiasi modo, salvo il caso di semplice registrazione su terminale per proprio uso personale ed a fini non commerciali; anche nel caso consentito di utilizzo per uso personale, debbono essere mantenute integre le relative indicazioni e\/o menzioni di propriet\u00e0 del contenuto utilizzato. Ogni prodotto o societ\u00e0 menzionati in questo sito sono marchi dei rispettivi proprietari o titolari e possono essere protetti da brevetti e\/o copyright concessi o registrati dalle autorit\u00e0 preposte. Possono quindi essere scaricati o utilizzati solo per uso personale e non commerciale: pertanto nulla, neppure in parte, potr\u00e0 essere copiato, modificato o rivenduto per fini di lucro o per trarne qualsivoglia utilit\u00e0. E&#8217; vietato l&#8217;utilizzo, la pubblicazione, la distribuzione, l&#8217;inclusione dei contenuti pubblicati nel Sito in altri siti Internet, salvo apposita autorizzazione dei titolari dei diritti sui contenuti stessi. Di conseguenza, si segnala che tutti i marchi, nomi a dominio, denominazioni sociali, ditte ed insegne presenti sul Sito sono di titolarit\u00e0 esclusiva di DK WORLD SRL<\/span><\/span><\/span><span style=\"color: #000000;\"><span style=\"font-family: Open Sans, serif;\"><span style=\"font-size: medium;\">\u00a0(fatta eccezione per quanto previsto al paragrafo che segue) e quindi protetti dalla vigente normativa in materia di segni distintivi. Ne \u00e8 pertanto assolutamente vietata la riproduzione in ogni forma o modo senza l&#8217;espressa autorizzazione di <\/span><\/span><\/span><span style=\"color: #000000;\"><span style=\"font-family: Open Sans, serif;\"><span style=\"font-size: medium;\"><b>DK WORLD Srl<\/b><\/span><\/span><\/span><span style=\"color: #000000;\"><span style=\"font-family: Open Sans, serif;\"><span style=\"font-size: medium;\"> cos\u00ec come \u00e8 da ritenersi altrettanto vietata la registrazione del marchio d&#8217;impresa \u201c<\/span><\/span><\/span><span style=\"color: #000000;\"><span style=\"font-family: Open Sans, serif;\"><span style=\"font-size: medium;\"><b>DK WORLD SRL<\/b><\/span><\/span><\/span><span style=\"color: #000000;\"><span style=\"font-family: Open Sans, serif;\"><span style=\"font-size: medium;\">\u201d in qualunque top level domain.<\/span><\/span><\/span><\/p>\n<p>Si informa che nelle pagine del Sito potrebbero trovare collocazione marchi, nomi a dominio, denominazioni sociali, ditte ed insegne in titolarit\u00e0 di terzi, con cui <span style=\"color: #000000;\"><span style=\"font-family: Open Sans, serif;\"><span style=\"font-size: medium;\"><b>DK WORLD SRL<\/b><\/span><\/span><\/span><span style=\"color: #000000;\"><span style=\"font-family: Open Sans, serif;\"><span style=\"font-size: medium;\"> ha rapporti di collaborazione a vario titolo, i quali godono della medesima tutela accordata ai segni distintivi di <\/span><\/span><\/span><span style=\"color: #000000;\"><span style=\"font-family: Open Sans, serif;\"><span style=\"font-size: medium;\"><b>DK WORLD SRL<\/b><\/span><\/span><\/span><span style=\"color: #000000;\"><span style=\"font-family: Open Sans, serif;\"><span style=\"font-size: medium;\">. dalle vigenti norme in materia.<\/span><\/span><\/span><\/p>\n<p><span style=\"color: #000000;\"><span style=\"font-family: Open Sans, serif;\"><span style=\"font-size: medium;\"><b>DK WORLD SRL<\/b><\/span><\/span><\/span><span style=\"color: #000000;\"><span style=\"font-family: Open Sans, serif;\"><span style=\"font-size: medium;\"> rende noto che \u00e8 assolutamente vietata l&#8217;utilizzazione di tutti i segni distintivi in titolarit\u00e0 di <\/span><\/span><\/span><span style=\"color: #000000;\"><span style=\"font-family: Open Sans, serif;\"><span style=\"font-size: medium;\"><b>DK WORLD SRL<\/b><\/span><\/span><\/span><span style=\"color: #000000;\"><span style=\"font-family: Open Sans, serif;\"><span style=\"font-size: medium;\"> come meta-tags, ovvero ogni comando in linguaggio html che, pur non comportando la visualizzazione o la formattazione di un certo comando, forniscono in ogni caso istruzioni agli agenti elettronici o ai motori di ricerca per aumentare la reperibilit\u00e0 di un sito diverso da quelli riconducibili a <\/span><\/span><\/span><span style=\"color: #000000;\"><span style=\"font-family: Open Sans, serif;\"><span style=\"font-size: medium;\"><b>DK WORLD SRL<\/b><\/span><\/span><\/span><\/p>\n<p><span style=\"color: #000000;\"><span style=\"font-family: Open Sans, serif;\"><span style=\"font-size: large;\"><b>4. Framing e Linking<\/b><\/span><\/span><\/span><\/p>\n<p><span style=\"color: #000000;\"><span style=\"font-family: Open Sans, serif;\"><span style=\"font-size: medium;\">Senza l&#8217;autorizzazione scritta di DK WORLD SRL, non \u00e8 in alcun modo consentito creare dei link di collegamento alla prima pagina del Sito attualmente raggiungibile all&#8217;indirizzo web www.dkampingvillage.it n\u00e9 a qualunque altra pagina interna al Sito.<\/span><\/span><\/span><\/p>\n<p><span style=\"color: #000000;\"><span style=\"font-family: Open Sans, serif;\"><span style=\"font-size: medium;\"><b>Sono espressamente vietati:<\/b><\/span><\/span><\/span><span style=\"color: #000000;\"><span style=\"font-family: Open Sans, serif;\"><span style=\"font-size: medium;\"><br \/>\na) i link-riquadro (c.d.\u201cframing\u201d), che permettono di far apparire una pagina del Sito in una specifica pagina di un altro sito facendo contestualmente s\u00ec che il contenuto di detta pagina, anzich\u00e9 apparire in un&#8217;autonoma finestra del browser di navigazione, compaia all&#8217;interno di una cornice a tale scopo strutturata;<\/span><\/span><\/span><\/p>\n<p>b) i link specifici che permettono di rinviare l&#8217;utente ad una pagina interna senza passare per la Home Page (c.d.\u201cdeep linking\u201d), cos\u00ec come i link di inserimento automatico (c.d.\u201cinline linking\u201d), che consentono all&#8217;utente di visualizzare automaticamente in uno spazio specifico immagini provenienti dal Sito.<\/p>\n<p>A questo proposito, si segnala che la violazione di quanto previsto nel presente articolo configura una condotta perseguibile anche sotto il profilo della concorrenza sleale, disciplinata dalle vigenti norme in materia previste dal Codice Civile e Leggi Complementari:<br \/>\n<a href=\"https:\/\/www.jus.unitn.it\/cardozo\/obiter_dictum\/codciv\/codciv.htm\"><span style=\"color: #30b3b1;\"><span style=\"font-family: Open Sans, serif;\"><span style=\"font-size: medium;\">https:\/\/www.jus.unitn.it\/cardozo\/obiter_dictum\/codciv\/codciv.htm<\/span><\/span><\/span><\/a><\/p>\n<p><span style=\"color: #000000;\"><span style=\"font-family: Open Sans, serif;\"><span style=\"font-size: large;\"><b>5. Modalit\u00e0 di utilizzo del Sito<\/b><\/span><\/span><\/span><\/p>\n<p><span style=\"color: #000000;\"><span style=\"font-family: Open Sans, serif;\"><span style=\"font-size: medium;\">DK WORLD SRL rende noto che il contenuto del Sito non pu\u00f2 essere, in tutto od in parte, copiato, riprodotto, ripubblicato, caricato, trascritto, trasmesso o distribuito, in qualsiasi modo o forma, senza la preventiva autorizzazione scritta da parte di DK WORLD SRL.<\/span><\/span><\/span><\/p>\n<p>Il contenuto del Sito non potr\u00e0 essere diffuso, in tutto od in parte, attraverso canali di comunicazione, quali la Rete Internet, i sistemi televisivi, radiofonici o di qualunque altra natura in mancanza di preventiva autorizzazione scritta da parte di DK WORLD SRL.<\/p>\n<p>Le informazioni ed i materiali contenuti nel Sito non potranno, inoltre, essere utilizzati per scopi commerciali al fine di costituire banche dati di ogni tipo e genere, n\u00e9 essere archiviati (in tutto od in parte) in banche dati preesistenti, sia accessibili esclusivamente da parte del costitutore sia messe a disposizione di terzi.<\/p>\n<p>In nessun caso DK WORLD SRL potr\u00e0 essere ritenuta responsabile dei danni di qualsiasi natura causati direttamente o indirettamente dall&#8217;accesso al sito, dall&#8217;incapacit\u00e0 o impossibilit\u00e0 di accedervi, dal Vostro affidamento ed utilizzo in merito alle notizie in esso contenute. DK WORLD SRL inserir\u00e0 nel sito informazioni aggiornate, ma non garantisce circa la loro completezza o accuratezza.<\/p>\n<p>DK WORLD SRL si riserva il diritto di modificare i contenuti del Sito e delle Note Legali in qualsiasi momento e senza alcun preavviso.<\/p>\n<p><span style=\"color: #000000;\"><span style=\"font-family: Open Sans, serif;\"><span style=\"font-size: large;\"><b>6. Esclusione di garanzie e limitazione di responsabilit\u00e0<\/b><\/span><\/span><\/span><\/p>\n<p><span style=\"color: #000000;\"><span style=\"font-family: Open Sans, serif;\"><span style=\"font-size: medium;\">Tutti i contenuti pubblicati sul Sito sono forniti a mero scopo di informazione generale.<\/span><\/span><\/span><\/p>\n<p>DK WORLD SRL non fornisce alcuna garanzia sulla loro accuratezza e completezza e si riserva il diritto di modificare ed aggiornare dette informazioni senza preavviso alcuno.<\/p>\n<p>DK WORLD SRL non \u00e8 responsabile di eventuali errori e\/o omissioni contenute nelle informazioni pubblicate e di tutto quanto eventualmente inserito in modo autonomo dagli utenti abilitati. DK WORLD SRL declina ogni responsabilit\u00e0 per ogni danno, sia esso diretto, incidentale, consequenziale o indiretto, nonch\u00e9 per perdite o per danneggiamento di dati, perdita di profitti, avviamento, affari o opportunit\u00e0, che siano derivanti dall&#8217;accesso al Sito, o dal suo utilizzo, ovvero dall&#8217;impossibilit\u00e0 di utilizzo del Sito o dei contenuti ivi pubblicati ed ancora dall&#8217;accesso a siti terzi resi disponibili tramite collegamenti ipertestuali, o dal relativo utilizzo, ovvero dall&#8217;impossibilit\u00e0 di utilizzo degli stessi o dei contenuti ivi pubblicati.<\/p>\n<p>Non operando controlli di alcun genere sui contenuti pubblicati, DK WORLD SRL non pu\u00f2 essere ritenuta responsabile, in alcun modo, per eventuali atti illeciti commessi attraverso il Sito. DK WORLD SRL si impegna, in ogni caso, a rimuovere con la massima sollecitudine consentita, a seguito di apposite segnalazioni, i contenuti ritenuti lesivi a proprio insindacabile giudizio o, comunque, dichiarati tali con provvedimento dell&#8217;Autorit\u00e0 Giudiziaria.<\/p>\n<p>La presente sezione del Sito pu\u00f2 essere modificata in qualsiasi momento. E&#8217; onere degli utenti prenderne costante visione. L&#8217;utilizzo del Sito costituisce comportamento concludente avente valore di piena ed incondizionata accettazione delle clausole sopra riportate.<\/p>\n<p><span style=\"color: #000000;\"><span style=\"font-family: Open Sans, serif;\"><span style=\"font-size: large;\"><b>7. Download e Virus Informatici<\/b><\/span><\/span><\/span><\/p>\n<p><span style=\"color: #000000;\"><span style=\"font-family: Open Sans, serif;\"><span style=\"font-size: medium;\">Gli oggetti, prodotti, programmi e routine eventualmente presenti in questo Sito per lo scaricamento (download) quali ad esempio documentazione tecnica, documentazione commerciale, software ecc. salvo diversa indicazione sono disponibili alle condizioni stabilite dal titolare.<br \/>\nQuanto reperibile via download in questo sito \u00e8 coperto da copyright, diritti d&#8217;uso e\/o copia dei rispettivi proprietari; pertanto DK WORLD SRL invita a verificare condizioni di utilizzo e diritti e si ritiene esplicitamente sollevata da qualsiasi responsabilit\u00e0 in merito.<\/span><\/span><\/span><\/p>\n<p>DK WORLD SRL non garantisce che il Sito sia privo di errori o virus, ed inoltre si comunica che i suoi fornitori ed i suoi collaboratori non sono responsabili per i danni subiti dall&#8217;utente a causa di tali elementi di carattere distruttivo.<\/p>\n<p><span style=\"color: #000000;\"><span style=\"font-family: Open Sans, serif;\"><span style=\"font-size: large;\"><b>8. Legge applicabile e Foro competente<\/b><\/span><\/span><\/span><\/p>\n<p><span style=\"color: #000000;\"><span style=\"font-family: Open Sans, serif;\"><span style=\"font-size: medium;\">Fatto sempre salvo ogni diritto di cui gli utenti godano in virt\u00f9 di normative \u2013 nazionali od internazionali \u2013 diverse, le presenti Condizioni Generali saranno soggette alla legislazione italiana e saranno interpretate ai sensi della medesima (ad eccezione delle sue norme sui conflitti di legge), ivi compresa ogni controversia concernente l\u2019esistenza, la validit\u00e0 e l\u2019efficacia delle Condizioni Generali ed ogni altro accordo che ad esse faccia rinvio.<\/span><\/span><\/span><\/p>\n<p>Nei limiti di quanto sopra, il foro competente a conoscere di ogni controversia sorgente con riferimento alle presenti Condizioni Generali cos\u00ec come ogni altro accordo che ad esse faccia rinvio, sar\u00e0 il Foro di Varese.<\/p>\n<p>In virt\u00f9 dell\u2019applicazione della legge italiana, in caso di eventuale contrasto interpretativo tra la versione in lingua italiana e quella in lingua inglese, francese, tedesca od altre delle presenti condizioni generali di utilizzo, prevarr\u00e0 la versione italiana.[\/vc_column_text][\/vc_column][\/vc_row]<\/p>\n<\/div>","protected":false},"excerpt":{"rendered":"<p>[vc_row][vc_column][vc_column_text]1. Premessa Nel presente documento sono riportate le Condizioni Generali di utilizzo del sito www.dkampingvillage.it (di seguito, per brevit\u00e0, rispettivamente le \u201cCondizioni Generali\u201d ed il \u201cSito\u201d) cui deve attenersi chiunque intenda navigare sulle pagine dello stesso. L&#8217;accesso al Sito e qualunque azione che comporti la navigazione sulle sue pagine web, costituiscono piena accettazione delle Condizioni&hellip;<\/p>\n","protected":false},"author":2,"featured_media":0,"parent":0,"menu_order":0,"comment_status":"closed","ping_status":"closed","template":"","meta":[],"class_list":["post-3579","page","type-page","status-publish","hentry","description-off"],"_links":{"self":[{"href":"https:\/\/dkampingvillage.it\/it\/wp-json\/wp\/v2\/pages\/3579","targetHints":{"allow":["GET"]}}],"collection":[{"href":"https:\/\/dkampingvillage.it\/it\/wp-json\/wp\/v2\/pages"}],"about":[{"href":"https:\/\/dkampingvillage.it\/it\/wp-json\/wp\/v2\/types\/page"}],"author":[{"embeddable":true,"href":"https:\/\/dkampingvillage.it\/it\/wp-json\/wp\/v2\/users\/2"}],"replies":[{"embeddable":true,"href":"https:\/\/dkampingvillage.it\/it\/wp-json\/wp\/v2\/comments?post=3579"}],"version-history":[{"count":5,"href":"https:\/\/dkampingvillage.it\/it\/wp-json\/wp\/v2\/pages\/3579\/revisions"}],"predecessor-version":[{"id":4922,"href":"https:\/\/dkampingvillage.it\/it\/wp-json\/wp\/v2\/pages\/3579\/revisions\/4922"}],"wp:attachment":[{"href":"https:\/\/dkampingvillage.it\/it\/wp-json\/wp\/v2\/media?parent=3579"}],"curies":[{"name":"wp","href":"https:\/\/api.w.org\/{rel}","templated":true}]}}